{"id":3533,"date":"2020-12-16T15:45:58","date_gmt":"2020-12-16T14:45:58","guid":{"rendered":"https:\/\/eurobatteryminerals.com\/\/?page_id=3533"},"modified":"2020-12-16T15:46:00","modified_gmt":"2020-12-16T14:46:00","slug":"elektrische-revolution","status":"publish","type":"page","link":"https:\/\/eurobatteryminerals.com\/de\/elektrische-revolution\/","title":{"rendered":"Elektrische Revolution"},"content":{"rendered":"\n<div class=\"wh-grid\">\n    <div class=\"wh-hero-clean\">\n        <header class=\"wh-hero-clean-header\">\n            <h1 class=\"wh-hero-clean-header-heading is-statement is-bold is-black\">\n                                    Elektrische Revolution\n                            <\/h1>\n\n            <p class=\"wh-hero-clean-header-text is-lead\">\n                                    Die Umstellung der Transport- und Fahrzeugindustrie auf Elektrifizierung sowie die Entwicklung von L\u00f6sungen f\u00fcr saubere Energie schreitet unaufhaltsam voran. Eurobattery Minerals ist fest entschlossen, ein wichtiger Teil dieser Wertsch\u00f6pfungskette zu werden und durch den verantwortungsvollen und nachhaltigen Abbau von Mineralen seinen Beitrag zu einer nachhaltigeren Zukunft zu leisten.\n                            <\/p>\n        <\/header>\n\n        <div class=\"wh-hero-clean-image is-electric-revolution\"><\/div>\n    <\/div>\n<\/div>\n\n<div class=\"wh-grid\">\n    <div class=\"wh-storytelling\">\n        <div class=\"wh-storytelling-content\">\n            <h2 class=\"wh-storytelling-content-heading\">\n                                    Automobilindustrie f\u00fchrt die elektrische Revolution an\n                            <\/h2>\n\n            <p class=\"wh-storytelling-content-text is-large\">\n                                    Damit der Wandel hin zu einer nachhaltigeren Gesellschaft gelingt, m\u00fcssen die Emissionen, die der Transport- und Automobilsektor verursachen, reduziert werden. Fahrzeughersteller weltweit stellen von fossilen Kraftstoffen auf Elektrizit\u00e4t um, und der Wandel erfolgt schnell. \n                            <\/p>\n        <\/div>\n\n        <div class=\"wh-storytelling-content\">\n            <h2 class=\"wh-storytelling-content-heading\">\n                                    F\u00fcr das Gelingen dieser Revolution sind Batterieminerale unverzichtbar\n                            <\/h2>\n\n            <p class=\"wh-storytelling-content-text is-large\">\n                                    Die Nachfrage nach Batterien ist aufgrund dieses Wandels sprunghaft gestiegen. Zahlreiche Studien zeigen, dass sich die Nachfrage nach Batterien f\u00fcr die Elektrofahrzeugindustrie in den n\u00e4chsten Jahren verdoppeln oder verdreifachen wird, wodurch ein komplett neuer Industriesektor entsteht. Die Nachfrage nach Batteriemineralen wie Kupfer, Kobalt, Nickel und Lithium sowie Seltene Erden f\u00fcr elektrische Bauteile wird zunehmen und im gleichen Tempo wachsen wie die Elektrofahrzeugindustrie.\n                    <br><br>\n                    Mit Blick auf die bedeutende europ\u00e4ische Elektrofahrzeugindustrie hat die EU das Ziel f\u00fcr die Region gesetzt, bei der nachhaltigen Batterieproduktion global eine F\u00fchrungsrolle einzunehmen. Dies ist eine zentrale Strategie, um das von der EU-Kommission definierte Ziel der Region \u2013 bis 2050 klimaneutral zu sein \u2013 zu erreichen. Allerdings werden derzeit nur zwei bis vier Prozent aller Batterien, die f\u00fcr die europ\u00e4ische Elektrofahrzeugindustrie und saubere Energiel\u00f6sungen ben\u00f6tigt werden, in der EU produziert. Die Industrie t\u00e4tigt derzeit enorme Investitionen und es sind mehrere Anlagen zur Batterieherstellung bereits fertiggestellt oder im Bau.\n                            <\/p>\n\n            <div class=\"wh-storytelling-content-image is-electric-revolution\"><\/div>\n        <\/div>\n\n        <div class=\"wh-storytelling-content\">\n            <h2 class=\"wh-storytelling-content-heading\">\n                                    Europ\u00e4ische Elektrofahrzeugindustrie und europ\u00e4ischer Bergbau Hand in Hand\n                            <\/h2>\n\n            <p class=\"wh-storytelling-content-text is-large\">\n                                    Der Hauptanteil aller Batterieminerale wird au\u00dferhalb Europas in L\u00e4ndern wie China, Australien und Chile gewonnen, aber auch in der DR Kongo, wo \u00fcber 60 Prozent des Kobalts gef\u00f6rdert werden. Ein Land, das durch schlechte Arbeitsbedingungen und Konflikte gekennzeichnet ist und in dem der Bergbau in mehreren Berichten mit der Gewinnung so genannter Blutdiamanten gleichgesetzt wurde.\n                    <br><br>\n                    Um diesen Herausforderungen zu begegnen und sicherzustellen, dass Batterieminerale f\u00fcr die europ\u00e4ische Elektrofahrzeugindustrie auf verantwortungsvolle Weise gef\u00f6rdert werden, hat die Europ\u00e4ische Kommission darauf hingewiesen, dass die Bedingungen f\u00fcr eine verst\u00e4rkte Gewinnung von Batteriemineralen in Europa sehr gut sind.\n                    <br><br>\n                    Die F\u00f6rderung von Batteriemineralen in Europa wird es der Fahrzeugindustrie erm\u00f6glichen, Transparenz und R\u00fcckverfolgbarkeit im Produktionsprozess zu verbessern. Au\u00dferdem erh\u00e4lt Europa dadurch die M\u00f6glichkeit, bei diesem wichtigen Rohstoff, der f\u00fcr die elektrische Revolution unabdingbar ist, autark zu werden. Eurobattery Minerals ist fest entschlossen, hierbei eine zentrale Rolle zu \u00fcbernehmen, indem es verantwortungsvoll abgebaute  Minerale anbietet. Hierdurch ist das Unternehmen einer der Grundpfeiler der Batteriewertsch\u00f6pfungskette und der elektrischen Revolution.\n                            <\/p>\n        <\/div>\n    <\/div>\n<\/div>\n\n<div class=\"wh-grid\">\n    <div class=\"wh-cards\">\n        <header class=\"wh-cards-header\">\n            <h3 class=\"wh-cards-header-heading is-black\">\n                                    Das k\u00f6nnte Sie auch interessieren\n                            <\/h3>\n        <\/header>\n\n        <div class=\"wh-cards-items\">\n            <a href=\"\/de\/vision-und-strategie\/\" class=\"wh-cards-item\">\n        <div class=\"wh-cards-item-content\">\n            <div class=\"wh-cards-item-content-image\">\n                <div class=\"wh-cards-item-content-image-item is-who-we-are\"><\/div>\n            <\/div>\n\n            <h6 class=\"wh-cards-item-content-label\">\n                \u00dcber uns\n            <\/h6>\n\n            <h4 class=\"wh-cards-item-content-heading\">\n                Vision &amp; Strategie\n            <\/h4>\n        <\/div>\n    <\/a>\n            <a href=\"\/de\/geschaftsmodell\/\" class=\"wh-cards-item\">\n        <div class=\"wh-cards-item-content\">\n            <div class=\"wh-cards-item-content-image\">\n                <div class=\"wh-cards-item-content-image-item is-what-we-do\"><\/div>\n            <\/div>\n\n            <h6 class=\"wh-cards-item-content-label\">\n                \u00dcber uns\n            <\/h6>\n\n            <h4 class=\"wh-cards-item-content-heading\">\n                Gesch\u00e4ftsmodell\n            <\/h4>\n        <\/div>\n    <\/a>\n            <a href=\"\/de\/aufsichtsrat\/\" class=\"wh-cards-item\">\n        <div class=\"wh-cards-item-content\">\n            <div class=\"wh-cards-item-content-image\">\n                <div class=\"wh-cards-item-content-image-item is-board\"><\/div>\n            <\/div>\n\n            <h6 class=\"wh-cards-item-content-label\">\n                \u00dcber uns\n            <\/h6>\n\n            <h4 class=\"wh-cards-item-content-heading\">\n                Aufsichtsrat\n            <\/h4>\n        <\/div>\n    <\/a>        <\/div>\n    <\/div>\n<\/div>\n","protected":false},"excerpt":{"rendered":"","protected":false},"author":1,"featured_media":0,"parent":0,"menu_order":0,"comment_status":"closed","ping_status":"closed","template":"","meta":{"_acf_changed":false,"inline_featured_image":false,"footnotes":""},"class_list":["post-3533","page","type-page","status-publish","hentry"],"acf":[],"yoast_head":"<!-- This site is optimized with the Yoast SEO plugin v26.9 - https:\/\/yoast.com\/product\/yoast-seo-wordpress\/ -->\n<title>Elektrische Revolution | Eurobattery Minerals<\/title>\n<meta name=\"description\" content=\"Ethical and fully traceable minerals for the electric revolution\" \/>\n<meta name=\"robots\" content=\"index, follow, max-snippet:-1, max-image-preview:large, max-video-preview:-1\" \/>\n<link rel=\"canonical\" href=\"https:\/\/eurobatteryminerals.com\/de\/elektrische-revolution\/\" \/>\n<meta property=\"og:locale\" content=\"de_DE\" \/>\n<meta property=\"og:type\" content=\"article\" \/>\n<meta property=\"og:title\" content=\"Elektrische Revolution | Eurobattery Minerals\" \/>\n<meta property=\"og:description\" content=\"Ethical and fully traceable minerals for the electric revolution\" \/>\n<meta property=\"og:url\" content=\"https:\/\/eurobatteryminerals.com\/de\/elektrische-revolution\/\" \/>\n<meta property=\"og:site_name\" content=\"Eurobattery Minerals\" \/>\n<meta property=\"article:publisher\" content=\"https:\/\/www.facebook.com\/eurobatteryminerals\" \/>\n<meta property=\"article:modified_time\" content=\"2020-12-16T14:46:00+00:00\" \/>\n<meta property=\"og:image\" content=\"https:\/\/eurobatteryminerals.com\/wp-content\/uploads\/2019\/09\/eurobattery-minerals-og.jpg\" \/>\n\t<meta property=\"og:image:width\" content=\"1920\" \/>\n\t<meta property=\"og:image:height\" content=\"1080\" \/>\n\t<meta property=\"og:image:type\" content=\"image\/jpeg\" \/>\n<meta name=\"twitter:card\" content=\"summary_large_image\" \/>\n<meta name=\"twitter:site\" content=\"@eurobatterymin\" \/>\n<script type=\"application\/ld+json\" class=\"yoast-schema-graph\">{\"@context\":\"https:\/\/schema.org\",\"@graph\":[{\"@type\":\"WebPage\",\"@id\":\"https:\/\/eurobatteryminerals.com\/de\/elektrische-revolution\/\",\"url\":\"https:\/\/eurobatteryminerals.com\/de\/elektrische-revolution\/\",\"name\":\"Elektrische Revolution | Eurobattery Minerals\",\"isPartOf\":{\"@id\":\"https:\/\/eurobatteryminerals.com\/#website\"},\"datePublished\":\"2020-12-16T14:45:58+00:00\",\"dateModified\":\"2020-12-16T14:46:00+00:00\",\"description\":\"Ethical and fully traceable minerals for the electric revolution\",\"breadcrumb\":{\"@id\":\"https:\/\/eurobatteryminerals.com\/de\/elektrische-revolution\/#breadcrumb\"},\"inLanguage\":\"de-DE\",\"potentialAction\":[{\"@type\":\"ReadAction\",\"target\":[\"https:\/\/eurobatteryminerals.com\/de\/elektrische-revolution\/\"]}]},{\"@type\":\"BreadcrumbList\",\"@id\":\"https:\/\/eurobatteryminerals.com\/de\/elektrische-revolution\/#breadcrumb\",\"itemListElement\":[{\"@type\":\"ListItem\",\"position\":1,\"name\":\"Hem\",\"item\":\"https:\/\/eurobatteryminerals.com\/de\/\"},{\"@type\":\"ListItem\",\"position\":2,\"name\":\"Elektrische Revolution\"}]},{\"@type\":\"WebSite\",\"@id\":\"https:\/\/eurobatteryminerals.com\/#website\",\"url\":\"https:\/\/eurobatteryminerals.com\/\",\"name\":\"Eurobattery Minerals\",\"description\":\"Ethical and fully traceable minerals for the electric revolution\",\"publisher\":{\"@id\":\"https:\/\/eurobatteryminerals.com\/#organization\"},\"potentialAction\":[{\"@type\":\"SearchAction\",\"target\":{\"@type\":\"EntryPoint\",\"urlTemplate\":\"https:\/\/eurobatteryminerals.com\/?s={search_term_string}\"},\"query-input\":{\"@type\":\"PropertyValueSpecification\",\"valueRequired\":true,\"valueName\":\"search_term_string\"}}],\"inLanguage\":\"de-DE\"},{\"@type\":\"Organization\",\"@id\":\"https:\/\/eurobatteryminerals.com\/#organization\",\"name\":\"Eurobattery Minerals\",\"url\":\"https:\/\/eurobatteryminerals.com\/\",\"logo\":{\"@type\":\"ImageObject\",\"inLanguage\":\"de-DE\",\"@id\":\"https:\/\/eurobatteryminerals.com\/#\/schema\/logo\/image\/\",\"url\":\"https:\/\/eurobatteryminerals.com\/wp-content\/uploads\/2020\/08\/logo-black.svg\",\"contentUrl\":\"https:\/\/eurobatteryminerals.com\/wp-content\/uploads\/2020\/08\/logo-black.svg\",\"width\":389,\"height\":256,\"caption\":\"Eurobattery Minerals\"},\"image\":{\"@id\":\"https:\/\/eurobatteryminerals.com\/#\/schema\/logo\/image\/\"},\"sameAs\":[\"https:\/\/www.facebook.com\/eurobatteryminerals\",\"https:\/\/x.com\/eurobatterymin\",\"https:\/\/www.linkedin.com\/company\/eurobattery-minerals-ab\/\",\"https:\/\/www.youtube.com\/channel\/UCEmRhpqQHcb6v758leWyWYQ\"]}]}<\/script>\n<!-- \/ Yoast SEO plugin. -->","yoast_head_json":{"title":"Elektrische Revolution | Eurobattery Minerals","description":"Ethical and fully traceable minerals for the electric revolution","robots":{"index":"index","follow":"follow","max-snippet":"max-snippet:-1","max-image-preview":"max-image-preview:large","max-video-preview":"max-video-preview:-1"},"canonical":"https:\/\/eurobatteryminerals.com\/de\/elektrische-revolution\/","og_locale":"de_DE","og_type":"article","og_title":"Elektrische Revolution | Eurobattery Minerals","og_description":"Ethical and fully traceable minerals for the electric revolution","og_url":"https:\/\/eurobatteryminerals.com\/de\/elektrische-revolution\/","og_site_name":"Eurobattery Minerals","article_publisher":"https:\/\/www.facebook.com\/eurobatteryminerals","article_modified_time":"2020-12-16T14:46:00+00:00","og_image":[{"width":1920,"height":1080,"url":"https:\/\/eurobatteryminerals.com\/wp-content\/uploads\/2019\/09\/eurobattery-minerals-og.jpg","type":"image\/jpeg"}],"twitter_card":"summary_large_image","twitter_site":"@eurobatterymin","schema":{"@context":"https:\/\/schema.org","@graph":[{"@type":"WebPage","@id":"https:\/\/eurobatteryminerals.com\/de\/elektrische-revolution\/","url":"https:\/\/eurobatteryminerals.com\/de\/elektrische-revolution\/","name":"Elektrische Revolution | Eurobattery Minerals","isPartOf":{"@id":"https:\/\/eurobatteryminerals.com\/#website"},"datePublished":"2020-12-16T14:45:58+00:00","dateModified":"2020-12-16T14:46:00+00:00","description":"Ethical and fully traceable minerals for the electric revolution","breadcrumb":{"@id":"https:\/\/eurobatteryminerals.com\/de\/elektrische-revolution\/#breadcrumb"},"inLanguage":"de-DE","potentialAction":[{"@type":"ReadAction","target":["https:\/\/eurobatteryminerals.com\/de\/elektrische-revolution\/"]}]},{"@type":"BreadcrumbList","@id":"https:\/\/eurobatteryminerals.com\/de\/elektrische-revolution\/#breadcrumb","itemListElement":[{"@type":"ListItem","position":1,"name":"Hem","item":"https:\/\/eurobatteryminerals.com\/de\/"},{"@type":"ListItem","position":2,"name":"Elektrische Revolution"}]},{"@type":"WebSite","@id":"https:\/\/eurobatteryminerals.com\/#website","url":"https:\/\/eurobatteryminerals.com\/","name":"Eurobattery Minerals","description":"Ethical and fully traceable minerals for the electric revolution","publisher":{"@id":"https:\/\/eurobatteryminerals.com\/#organization"},"potentialAction":[{"@type":"SearchAction","target":{"@type":"EntryPoint","urlTemplate":"https:\/\/eurobatteryminerals.com\/?s={search_term_string}"},"query-input":{"@type":"PropertyValueSpecification","valueRequired":true,"valueName":"search_term_string"}}],"inLanguage":"de-DE"},{"@type":"Organization","@id":"https:\/\/eurobatteryminerals.com\/#organization","name":"Eurobattery Minerals","url":"https:\/\/eurobatteryminerals.com\/","logo":{"@type":"ImageObject","inLanguage":"de-DE","@id":"https:\/\/eurobatteryminerals.com\/#\/schema\/logo\/image\/","url":"https:\/\/eurobatteryminerals.com\/wp-content\/uploads\/2020\/08\/logo-black.svg","contentUrl":"https:\/\/eurobatteryminerals.com\/wp-content\/uploads\/2020\/08\/logo-black.svg","width":389,"height":256,"caption":"Eurobattery Minerals"},"image":{"@id":"https:\/\/eurobatteryminerals.com\/#\/schema\/logo\/image\/"},"sameAs":["https:\/\/www.facebook.com\/eurobatteryminerals","https:\/\/x.com\/eurobatterymin","https:\/\/www.linkedin.com\/company\/eurobattery-minerals-ab\/","https:\/\/www.youtube.com\/channel\/UCEmRhpqQHcb6v758leWyWYQ"]}]}},"_links":{"self":[{"href":"https:\/\/eurobatteryminerals.com\/de\/wp-json\/wp\/v2\/pages\/3533","targetHints":{"allow":["GET"]}}],"collection":[{"href":"https:\/\/eurobatteryminerals.com\/de\/wp-json\/wp\/v2\/pages"}],"about":[{"href":"https:\/\/eurobatteryminerals.com\/de\/wp-json\/wp\/v2\/types\/page"}],"author":[{"embeddable":true,"href":"https:\/\/eurobatteryminerals.com\/de\/wp-json\/wp\/v2\/users\/1"}],"replies":[{"embeddable":true,"href":"https:\/\/eurobatteryminerals.com\/de\/wp-json\/wp\/v2\/comments?post=3533"}],"version-history":[{"count":0,"href":"https:\/\/eurobatteryminerals.com\/de\/wp-json\/wp\/v2\/pages\/3533\/revisions"}],"wp:attachment":[{"href":"https:\/\/eurobatteryminerals.com\/de\/wp-json\/wp\/v2\/media?parent=3533"}],"curies":[{"name":"wp","href":"https:\/\/api.w.org\/{rel}","templated":true}]}}