{"id":3582,"date":"2020-12-16T15:50:03","date_gmt":"2020-12-16T14:50:03","guid":{"rendered":"https:\/\/eurobatteryminerals.com\/\/?page_id=3582"},"modified":"2020-12-16T16:12:57","modified_gmt":"2020-12-16T15:12:57","slug":"datenschutzrichtlinie","status":"publish","type":"page","link":"https:\/\/eurobatteryminerals.com\/de\/datenschutzrichtlinie\/","title":{"rendered":"Datenschutzrichtlinie"},"content":{"rendered":"\n<h2 class=\"wp-block-heading\">Datenschutzrichtlinie<\/h2>\n\n\n\n<p>Es ist unser Wunsch und Ziel, dass Sie sich bei unserem Umgang mit den personenbezogenen Daten, die Sie uns zur Verf\u00fcgung stellen, sicher f\u00fchlen. Mit dieser Datenschutzerkl\u00e4rung m\u00f6chten wir Sie dar\u00fcber informieren, wie und zu welchen Zwecken wir Ihre personenbezogenen Daten verarbeiten.<\/p>\n\n\n\n<h4 class=\"wp-block-heading\">VERARBEITUNG PERSONENBEZOGENER DATEN<\/h4>\n\n\n\n<p>Die Verarbeitung personenbezogener Daten durch Eurobattery Minerals AB erfolgt gem\u00e4\u00df den geltenden Gesetzen und Vorschriften. Wenn Sie \u00fcber die Website mit uns kommunizieren, z.&nbsp;B., wenn Sie \u00fcber Formulare eine Nachricht senden, einen Kommentar hinterlassen, eine Frage stellen oder den Newsletter abonnieren, m\u00fcssen wir Ihre Kontaktinformationen speichern, um Ihr Anliegen bearbeiten und Sie in dieser Angelegenheit kontaktieren zu k\u00f6nnen. Wir speichern nur die Informationen, die Sie zur \u00dcbermittlung ausgew\u00e4hlt haben. Die Daten werden von uns nur zum Zwecke der Bearbeitung der Angelegenheit verarbeitet, k\u00f6nnen jedoch im Rahmen dieser Verarbeitung unseren Partnern \u00fcbermittelt werden. Diese Partner sind an Vereinbarungen gebunden, die Vertraulichkeitsverpflichtungen gegen\u00fcber uns enthalten, und fungieren als Unterlieferanten, die personenbezogene Daten gem\u00e4\u00df unseren Anweisungen verarbeiten.<\/p>\n\n\n\n<h4 class=\"wp-block-heading\">WIE SCH\u00dcTZEN WIR IHRE PERSONENBEZOGENEN DATEN?<\/h4>\n\n\n\n<p>Wir ergreifen kontinuierlich alle angemessenen und technischen und organisatorischen Ma\u00dfnahmen, um Ihre personenbezogenen Daten und andere wichtige Informationen vor unbefugtem Zugriff, weiterer Verbreitung, \u00c4nderung und Zerst\u00f6rung zu sch\u00fctzen. Die Weitergabe Ihrer Daten \u00fcber das Internet ist immer mit einem Risiko verbunden.<\/p>\n\n\n\n<h4 class=\"wp-block-heading\">WIE LANGE SPEICHERN WIR IHRE PERSONENBEZOGENEN DATEN?<\/h4>\n\n\n\n<p>Wir speichern Ihre personenbezogenen Daten so lange, wie dies f\u00fcr die Verarbeitung erforderlich ist, z.&nbsp;B. wenn wir ein Anliegen bearbeiten, Vereinbarungen nachkommen oder unsere gesetzlichen Verpflichtungen erf\u00fcllen. Wenn Sie der Verarbeitung personenbezogener Daten zugestimmt haben, k\u00f6nnen Sie Ihre Einwilligung zur weiteren Verarbeitung Ihrer personenbezogenen Daten jederzeit widerrufen. Beachten Sie, dass der Widerruf der Einwilligung keinen Einfluss auf die Verarbeitung hat, die ohne Einwilligung durchgef\u00fchrt werden kann oder die wir zur Erf\u00fcllung unserer gesetzlichen Verpflichtungen durchf\u00fchren m\u00fcssen.<\/p>\n\n\n\n<h4 class=\"wp-block-heading\">LINKS ZU ANDEREN WEBSITES<\/h4>\n\n\n\n<p>Diese Website kann Links zu anderen Websites enthalten. Eurobattery Minerals AB ist nicht verantwortlich f\u00fcr den Inhalt anderer Websites oder die Verarbeitung personenbezogener Daten durch andere Websites.<\/p>\n\n\n\n<h4 class=\"wp-block-heading\">SOZIALE MEDIEN<\/h4>\n\n\n\n<p>Beachten Sie, dass wenn Sie soziale Medien verwenden, um mit uns in Kontakt zu treten, dies bedeuten kann, dass Informationen und pers\u00f6nliche Informationen an Dritte \u00fcbertragen werden, z.&nbsp;B. an Twitter, LinkedIn oder Facebook.<\/p>\n\n\n\n<h4 class=\"wp-block-heading\">OPTIMIERUNG VON INHALTEN<\/h4>\n\n\n\n<p>Um unsere digitalen Kan\u00e4le zu optimieren und zu verbessern, sammeln wir bestimmte Informationen \u00fcber Sie. Es geht haupts\u00e4chlich um so genannte Cookies, die uns beispielsweise Auskunft dar\u00fcber geben k\u00f6nnen, welche Inhalte Sie am h\u00e4ufigsten verwenden. Wir tun dies, um Ihnen Angebote zu unterbreiten, die Ihren Vorlieben entsprechen.<\/p>\n\n\n\n<h5 class=\"wp-block-heading\">Was ist ein Cookie?<\/h5>\n\n\n\n<p>Cookies sind kleine Textdateien, die eine Website oder ein Dienst auf Ihrem Computer, Tablet oder Handy ablegt. Sie erm\u00f6glichen es Websites und Diensten zu erkennen, ob Ihr Ger\u00e4t den Dienst bereits verwendet oder die Website zuvor besucht hat. Cookies werden zwei Jahre lang im Browser gespeichert, wenn Sie sie nicht selbst l\u00f6schen.<\/p>\n\n\n\n<p>Die von uns gespeicherten Cookies identifizieren Sie als eindeutiger Benutzer anhand einer Tracking-ID. Das Cookie selbst ist anonym und enth\u00e4lt keine pers\u00f6nlichen Informationen.<\/p>\n\n\n\n<p>Sie k\u00f6nnen w\u00e4hlen, ob Sie Cookies in Ihrem Browser speichern m\u00f6chten oder nicht. Wie Sie diese Einstellung vornehmen, finden Sie auf der Website des Browser-Anbieters.<\/p>\n\n\n\n<h5 class=\"wp-block-heading\">Eurobatteryminerals.com verwendet Cookies auf zwei Arten<\/h5>\n\n\n\n<ul class=\"wp-block-list\"><li>Information: Wir arbeiten kontinuierlich daran, Inhalte und Funktionen auf www.eurobatteryminerals.com zu verbessern. Um diese Arbeit zu erleichtern, nutzen wir Google Analytics und Hotjar, Dienste, die an bestimmten Daten unserer Besucher beteiligt sind. Die Dienste helfen uns, indem sie Berichte und Informationen dar\u00fcber erstellen, wie unsere Besucher im Internet surfen, z.&nbsp;B. welche Seiten sie besucht haben und welche Bereiche auf den Webseiten am beliebtesten sind. Da wir mehr \u00fcber unsere Besucher erfahren, k\u00f6nnen technische Informationen \u00fcber Ihr Ger\u00e4t, Ihre Internetverbindung, Ihr Betriebssystem, Ihre Browserversion, IP-Adresse und welche Webseiten Sie besucht haben und wie lange Sie sich auf jeder Webseite aufhalten, gespeichert werden.<\/li><\/ul>\n\n\n\n<ul class=\"wp-block-list\"><li>Sprachhandhabung: Um unseren Benutzern unter www.eurobatteryminerals.com mehr Optionen f\u00fcr den Zugriff auf die Informationen auf der Website zu bieten, speichern wir Informationen in Cookies \u00fcber die aktuelle Sprache, in der Sie als Benutzer den Inhalt und die zuletzt besuchte Sprache \u00fcberpr\u00fcfen h\u00e4tten. Wir tun, dies um Ihren erneuten Besuch auf <a href=\"http:\/\/www.eurobatteryminerals.com\">www.eurobatteryminerals.com<\/a>zu erleichtern.<\/li><\/ul>\n\n\n\n<h5 class=\"wp-block-heading\">Warum speichern Sie Besucherdaten?<\/h5>\n\n\n\n<p>Wir speichern Informationen, um Statistiken zu f\u00fchren, ein Verst\u00e4ndnis f\u00fcr unsere Besucher zu schaffen, unsere Dienstleistungen zu verbessern und uns vor Eindringlingen und Verbrechen zu sch\u00fctzen. Wir speichern auch Informationen, um Ihnen personalisierte Anzeigen zu liefern.<\/p>\n\n\n\n<h5 class=\"wp-block-heading\">Wo speichern Sie die Daten?<\/h5>\n\n\n\n<p>Wir speichern diese bei unseren Werbepartnern und in Analysesystemen wie Google Analytics und Hotjar.<\/p>\n\n\n\n<h5 class=\"wp-block-heading\">Wie motivieren Sie die Verwaltung der Daten?<\/h5>\n\n\n\n<p>Wir verweisen auf die Interessensabw\u00e4gung als Begr\u00fcndung f\u00fcr diese Verwaltung.<\/p>\n\n\n\n<h4 class=\"wp-block-heading\">IHRE RECHTE<\/h4>\n\n\n\n<p>Nach den derzeit geltenden Datenschutzgesetzen haben Sie das Recht, Informationen \u00fcber die Verarbeitung Ihrer personenbezogenen Daten kostenlos zu erhalten. Bei wiederholten oder unbegr\u00fcndeten Anfragen nach Registerausz\u00fcgen oder Korrekturen haben wir das Recht, entweder eine Verwaltungsgeb\u00fchr zu erheben oder die Erf\u00fcllung der Anfrage zu verweigern. Ein Antrag auf einen Registerauszug oder einen Antrag auf Berichtigung muss die Sozialversicherungsnummer und den Namen enthalten und von der betroffenen Person unabh\u00e4ngig unterschrieben sein. Der Auszug wird nur an die registrierte Adresse der registrierten Person gesendet. Der Antrag auf einen Registerauszug oder ein Antrag auf Berichtigung wird an Eurobattery Minerals AB, Personal Data Officer, Strandv\u00e4gen 7A, 114 56 Stockholm, Schweden gesendet.<\/p>\n\n\n\n<ul class=\"wp-block-list\"><li>Sie haben das Recht, der Verarbeitung zu widersprechen.<\/li><li>Sie k\u00f6nnen fordern, dass Ihre personenbezogenen Daten korrigiert werden.<\/li><li>In einigen F\u00e4llen k\u00f6nnen Sie auch verlangen, dass Ihre personenbezogenen Daten gel\u00f6scht, eingeschr\u00e4nkt oder blockiert werden, indem Sie sich an Eurobattery Minerals AB wenden.<\/li><li>Sie haben das Recht auf Daten\u00fcbertragbarkeit Ihrer personenbezogenen Daten, was bedeutet, dass Ihre Daten an einen anderen Datenverantwortlichen \u00fcbertragen werden k\u00f6nnen.<\/li><li>Sie k\u00f6nnen sich auch direkt bei der Aufsichtsbeh\u00f6rde Datainspektionen (www.datainspektionen.se) \u00fcber Eurobattery Minerals ABs Umgang mit Ihren personenbezogenen Daten beschweren. Es kann jedoch gesetzliche Einschr\u00e4nkungen geben, die Ihre oben genannten Rechte betreffen.<\/li><li>Es kann jedoch gesetzliche Einschr\u00e4nkungen geben, die Ihre oben genannten Rechte betreffen.<\/li><\/ul>\n\n\n\n<h4 class=\"wp-block-heading\">DATENSCHUTZBAUFTRAGTER<\/h4>\n\n\n\n<p>Eurobattery Minerals AB, 556785-4236, ist der Beauftragte f\u00fcr personenbezogene Daten f\u00fcr die Verarbeitung personenbezogener Daten, die innerhalb des Unternehmens und auf dieser Website stattfinden.<\/p>\n\n\n\n<h4 class=\"wp-block-heading\">KONTAKT<\/h4>\n\n\n\n<p>Wenn Sie Fragen, Kommentare oder Beschwerden bez\u00fcglich unserer Verarbeitung personenbezogener Daten haben, k\u00f6nnen Sie entweder per E-Mail an <a href=\"mailto:info@eurobatteryminerals.com\">info@eurobatteryminerals.com&nbsp;<\/a>oder per Brief an Eurobattery Minerals AB, Beauftragter f\u00fcr personenbezogene Daten, Strandv\u00e4gen 7A, kontaktieren 114 56 Stockholm, Schweden, Kontakt mit uns aufnehmen.<\/p>\n\n\n\n<p>Diese Richtlinie wurde zuletzt am 27. August 2020 aktualisiert.<\/p>\n","protected":false},"excerpt":{"rendered":"<p>Datenschutzrichtlinie Es ist unser Wunsch und Ziel, dass Sie sich bei unserem Umgang mit den personenbezogenen Daten, die Sie uns zur Verf\u00fcgung stellen, sicher f\u00fchlen. Mit dieser Datenschutzerkl\u00e4rung m\u00f6chten wir Sie dar\u00fcber informieren, wie und zu welchen Zwecken wir Ihre personenbezogenen Daten verarbeiten. VERARBEITUNG PERSONENBEZOGENER DATEN Die Verarbeitung personenbezogener Daten durch Eurobattery Minerals AB erfolgt [&hellip;]<\/p>\n","protected":false},"author":1,"featured_media":0,"parent":0,"menu_order":0,"comment_status":"closed","ping_status":"closed","template":"","meta":{"_acf_changed":false,"inline_featured_image":false,"footnotes":""},"class_list":["post-3582","page","type-page","status-publish","hentry"],"acf":[],"yoast_head":"<!-- This site is optimized with the Yoast SEO plugin v26.9 - https:\/\/yoast.com\/product\/yoast-seo-wordpress\/ -->\n<title>Datenschutzrichtlinie | Eurobattery Minerals<\/title>\n<meta name=\"description\" content=\"Ethical and fully traceable minerals for the electric revolution\" \/>\n<meta name=\"robots\" content=\"index, follow, max-snippet:-1, max-image-preview:large, max-video-preview:-1\" \/>\n<link rel=\"canonical\" href=\"https:\/\/eurobatteryminerals.com\/de\/datenschutzrichtlinie\/\" \/>\n<meta property=\"og:locale\" content=\"de_DE\" \/>\n<meta property=\"og:type\" content=\"article\" \/>\n<meta property=\"og:title\" content=\"Datenschutzrichtlinie | Eurobattery Minerals\" \/>\n<meta property=\"og:description\" content=\"Ethical and fully traceable minerals for the electric revolution\" \/>\n<meta property=\"og:url\" content=\"https:\/\/eurobatteryminerals.com\/de\/datenschutzrichtlinie\/\" \/>\n<meta property=\"og:site_name\" content=\"Eurobattery Minerals\" \/>\n<meta property=\"article:publisher\" content=\"https:\/\/www.facebook.com\/eurobatteryminerals\" \/>\n<meta property=\"article:modified_time\" content=\"2020-12-16T15:12:57+00:00\" \/>\n<meta property=\"og:image\" content=\"https:\/\/eurobatteryminerals.com\/wp-content\/uploads\/2019\/09\/eurobattery-minerals-og.jpg\" \/>\n\t<meta property=\"og:image:width\" content=\"1920\" \/>\n\t<meta property=\"og:image:height\" content=\"1080\" \/>\n\t<meta property=\"og:image:type\" content=\"image\/jpeg\" \/>\n<meta name=\"twitter:card\" content=\"summary_large_image\" \/>\n<meta name=\"twitter:site\" content=\"@eurobatterymin\" \/>\n<script type=\"application\/ld+json\" class=\"yoast-schema-graph\">{\"@context\":\"https:\/\/schema.org\",\"@graph\":[{\"@type\":\"WebPage\",\"@id\":\"https:\/\/eurobatteryminerals.com\/de\/datenschutzrichtlinie\/\",\"url\":\"https:\/\/eurobatteryminerals.com\/de\/datenschutzrichtlinie\/\",\"name\":\"Datenschutzrichtlinie | Eurobattery Minerals\",\"isPartOf\":{\"@id\":\"https:\/\/eurobatteryminerals.com\/#website\"},\"datePublished\":\"2020-12-16T14:50:03+00:00\",\"dateModified\":\"2020-12-16T15:12:57+00:00\",\"description\":\"Ethical and fully traceable minerals for the electric revolution\",\"breadcrumb\":{\"@id\":\"https:\/\/eurobatteryminerals.com\/de\/datenschutzrichtlinie\/#breadcrumb\"},\"inLanguage\":\"de-DE\",\"potentialAction\":[{\"@type\":\"ReadAction\",\"target\":[\"https:\/\/eurobatteryminerals.com\/de\/datenschutzrichtlinie\/\"]}]},{\"@type\":\"BreadcrumbList\",\"@id\":\"https:\/\/eurobatteryminerals.com\/de\/datenschutzrichtlinie\/#breadcrumb\",\"itemListElement\":[{\"@type\":\"ListItem\",\"position\":1,\"name\":\"Hem\",\"item\":\"https:\/\/eurobatteryminerals.com\/de\/\"},{\"@type\":\"ListItem\",\"position\":2,\"name\":\"Datenschutzrichtlinie\"}]},{\"@type\":\"WebSite\",\"@id\":\"https:\/\/eurobatteryminerals.com\/#website\",\"url\":\"https:\/\/eurobatteryminerals.com\/\",\"name\":\"Eurobattery Minerals\",\"description\":\"Ethical and fully traceable minerals for the electric revolution\",\"publisher\":{\"@id\":\"https:\/\/eurobatteryminerals.com\/#organization\"},\"potentialAction\":[{\"@type\":\"SearchAction\",\"target\":{\"@type\":\"EntryPoint\",\"urlTemplate\":\"https:\/\/eurobatteryminerals.com\/?s={search_term_string}\"},\"query-input\":{\"@type\":\"PropertyValueSpecification\",\"valueRequired\":true,\"valueName\":\"search_term_string\"}}],\"inLanguage\":\"de-DE\"},{\"@type\":\"Organization\",\"@id\":\"https:\/\/eurobatteryminerals.com\/#organization\",\"name\":\"Eurobattery Minerals\",\"url\":\"https:\/\/eurobatteryminerals.com\/\",\"logo\":{\"@type\":\"ImageObject\",\"inLanguage\":\"de-DE\",\"@id\":\"https:\/\/eurobatteryminerals.com\/#\/schema\/logo\/image\/\",\"url\":\"https:\/\/eurobatteryminerals.com\/wp-content\/uploads\/2020\/08\/logo-black.svg\",\"contentUrl\":\"https:\/\/eurobatteryminerals.com\/wp-content\/uploads\/2020\/08\/logo-black.svg\",\"width\":389,\"height\":256,\"caption\":\"Eurobattery Minerals\"},\"image\":{\"@id\":\"https:\/\/eurobatteryminerals.com\/#\/schema\/logo\/image\/\"},\"sameAs\":[\"https:\/\/www.facebook.com\/eurobatteryminerals\",\"https:\/\/x.com\/eurobatterymin\",\"https:\/\/www.linkedin.com\/company\/eurobattery-minerals-ab\/\",\"https:\/\/www.youtube.com\/channel\/UCEmRhpqQHcb6v758leWyWYQ\"]}]}<\/script>\n<!-- \/ Yoast SEO plugin. -->","yoast_head_json":{"title":"Datenschutzrichtlinie | Eurobattery Minerals","description":"Ethical and fully traceable minerals for the electric revolution","robots":{"index":"index","follow":"follow","max-snippet":"max-snippet:-1","max-image-preview":"max-image-preview:large","max-video-preview":"max-video-preview:-1"},"canonical":"https:\/\/eurobatteryminerals.com\/de\/datenschutzrichtlinie\/","og_locale":"de_DE","og_type":"article","og_title":"Datenschutzrichtlinie | Eurobattery Minerals","og_description":"Ethical and fully traceable minerals for the electric revolution","og_url":"https:\/\/eurobatteryminerals.com\/de\/datenschutzrichtlinie\/","og_site_name":"Eurobattery Minerals","article_publisher":"https:\/\/www.facebook.com\/eurobatteryminerals","article_modified_time":"2020-12-16T15:12:57+00:00","og_image":[{"width":1920,"height":1080,"url":"https:\/\/eurobatteryminerals.com\/wp-content\/uploads\/2019\/09\/eurobattery-minerals-og.jpg","type":"image\/jpeg"}],"twitter_card":"summary_large_image","twitter_site":"@eurobatterymin","schema":{"@context":"https:\/\/schema.org","@graph":[{"@type":"WebPage","@id":"https:\/\/eurobatteryminerals.com\/de\/datenschutzrichtlinie\/","url":"https:\/\/eurobatteryminerals.com\/de\/datenschutzrichtlinie\/","name":"Datenschutzrichtlinie | Eurobattery Minerals","isPartOf":{"@id":"https:\/\/eurobatteryminerals.com\/#website"},"datePublished":"2020-12-16T14:50:03+00:00","dateModified":"2020-12-16T15:12:57+00:00","description":"Ethical and fully traceable minerals for the electric revolution","breadcrumb":{"@id":"https:\/\/eurobatteryminerals.com\/de\/datenschutzrichtlinie\/#breadcrumb"},"inLanguage":"de-DE","potentialAction":[{"@type":"ReadAction","target":["https:\/\/eurobatteryminerals.com\/de\/datenschutzrichtlinie\/"]}]},{"@type":"BreadcrumbList","@id":"https:\/\/eurobatteryminerals.com\/de\/datenschutzrichtlinie\/#breadcrumb","itemListElement":[{"@type":"ListItem","position":1,"name":"Hem","item":"https:\/\/eurobatteryminerals.com\/de\/"},{"@type":"ListItem","position":2,"name":"Datenschutzrichtlinie"}]},{"@type":"WebSite","@id":"https:\/\/eurobatteryminerals.com\/#website","url":"https:\/\/eurobatteryminerals.com\/","name":"Eurobattery Minerals","description":"Ethical and fully traceable minerals for the electric revolution","publisher":{"@id":"https:\/\/eurobatteryminerals.com\/#organization"},"potentialAction":[{"@type":"SearchAction","target":{"@type":"EntryPoint","urlTemplate":"https:\/\/eurobatteryminerals.com\/?s={search_term_string}"},"query-input":{"@type":"PropertyValueSpecification","valueRequired":true,"valueName":"search_term_string"}}],"inLanguage":"de-DE"},{"@type":"Organization","@id":"https:\/\/eurobatteryminerals.com\/#organization","name":"Eurobattery Minerals","url":"https:\/\/eurobatteryminerals.com\/","logo":{"@type":"ImageObject","inLanguage":"de-DE","@id":"https:\/\/eurobatteryminerals.com\/#\/schema\/logo\/image\/","url":"https:\/\/eurobatteryminerals.com\/wp-content\/uploads\/2020\/08\/logo-black.svg","contentUrl":"https:\/\/eurobatteryminerals.com\/wp-content\/uploads\/2020\/08\/logo-black.svg","width":389,"height":256,"caption":"Eurobattery Minerals"},"image":{"@id":"https:\/\/eurobatteryminerals.com\/#\/schema\/logo\/image\/"},"sameAs":["https:\/\/www.facebook.com\/eurobatteryminerals","https:\/\/x.com\/eurobatterymin","https:\/\/www.linkedin.com\/company\/eurobattery-minerals-ab\/","https:\/\/www.youtube.com\/channel\/UCEmRhpqQHcb6v758leWyWYQ"]}]}},"_links":{"self":[{"href":"https:\/\/eurobatteryminerals.com\/de\/wp-json\/wp\/v2\/pages\/3582","targetHints":{"allow":["GET"]}}],"collection":[{"href":"https:\/\/eurobatteryminerals.com\/de\/wp-json\/wp\/v2\/pages"}],"about":[{"href":"https:\/\/eurobatteryminerals.com\/de\/wp-json\/wp\/v2\/types\/page"}],"author":[{"embeddable":true,"href":"https:\/\/eurobatteryminerals.com\/de\/wp-json\/wp\/v2\/users\/1"}],"replies":[{"embeddable":true,"href":"https:\/\/eurobatteryminerals.com\/de\/wp-json\/wp\/v2\/comments?post=3582"}],"version-history":[{"count":0,"href":"https:\/\/eurobatteryminerals.com\/de\/wp-json\/wp\/v2\/pages\/3582\/revisions"}],"wp:attachment":[{"href":"https:\/\/eurobatteryminerals.com\/de\/wp-json\/wp\/v2\/media?parent=3582"}],"curies":[{"name":"wp","href":"https:\/\/api.w.org\/{rel}","templated":true}]}}