{"id":3610,"date":"2020-12-16T15:54:39","date_gmt":"2020-12-16T14:54:39","guid":{"rendered":"https:\/\/eurobatteryminerals.com\/\/?page_id=3610"},"modified":"2020-12-16T16:04:55","modified_gmt":"2020-12-16T15:04:55","slug":"uber-uns","status":"publish","type":"page","link":"https:\/\/eurobatteryminerals.com\/de\/uber-uns\/","title":{"rendered":"\u00dcber uns"},"content":{"rendered":"\n<div class=\"wh-grid\">\n    <div class=\"wh-hero-clean\">\n        <header class=\"wh-hero-clean-header\">\n            <h1 class=\"wh-hero-clean-header-heading is-statement is-bold is-black\">\n                                    \u00dcber uns\n                            <\/h1>\n\n            <p class=\"wh-hero-clean-header-text is-lead\">\n                                    Eurobattery Minerals ist ein schwedisches Bergbauunternehmen mit laufenden Projekten in Finnland und Spanien. Der Schwerpunkt liegt auf der Exploration von Nickel, Kobalt und Kupfer.\n                            <\/p>\n        <\/header>\n    <\/div>\n<\/div>\n\n<div class=\"wh-grid\">\n    <div class=\"wh-story\">\n        <div class=\"wh-story-items\">\n            <div class=\"wh-story-item\">\n                <div class=\"wh-story-item-image is-who-we-are\"><\/div>\n\n                <div class=\"wh-story-item-content\">\n                    <h6 class=\"wh-story-item-content-label is-large is-light\">\n                                                    Wer wir sind\n                                            <\/h6>\n                    <h2 class=\"wh-story-item-content-heading\">\n                                                    Eurobattery Minerals ist ein b\u00f6rsennotiertes Unternehmen an der schwedischen und deutschen B\u00f6rse\n                                            <\/h2>\n\n                    <p class=\"wh-story-item-content-text is-large\">\n                                                    Unsere Vision ist es, Europa mit verantwortungsvoll abgebauten Batteriemineralen zu versorgen.\n                                            <\/p>\n\n                    <a href=\"\/de\/vision-und-strategie\/\" class=\"wh-story-item-content-button wh-button is-primary\">\n                                                    Mehr erfahren\n                                            <\/a>\n                <\/div>\n            <\/div>\n\n            <div class=\"wh-story-item is-small\">\n                <div class=\"wh-story-item-image is-what-we-do\"><\/div>\n\n                <div class=\"wh-story-item-content is-white\">\n                    <h6 class=\"wh-story-item-content-label is-large is-light\">\n                                                    Was wir tun\n                                            <\/h6>\n                    <h2 class=\"wh-story-item-content-heading\">\n                                                    Verantwortungsvoll abgebaute Batterieminerale &#8211; aus Europa f\u00fcr Europa\n                                            <\/h2>\n\n                    <p class=\"wh-story-item-content-text is-large\">\n                                                    Eurobattery Minerals konzentriert sich auf die Realisierung zahlreicher Nickel-Kobalt-Kupfer-Projekte in Europa, um kritische Rohstoffe zu liefern und so eine sauberere Welt zu erm\u00f6glichen.\n                                            <\/p>\n\n                    <a href=\"\/de\/geschaftsmodell\/\" class=\"wh-story-item-content-button wh-button is-primary\">\n                                                    Mehr erfahren\n                                            <\/a>\n                <\/div>\n            <\/div>\n\n            <div class=\"wh-story-item is-small\">\n                <div class=\"wh-story-item-image is-sustainable-mining\"><\/div>\n\n                <div class=\"wh-story-item-content is-grey-lighter\">\n                    <h6 class=\"wh-story-item-content-label is-large is-light\">\n                                                    NACHHALTIGER BERGBAU\n                                            <\/h6>\n                    <h2 class=\"wh-story-item-content-heading\">\n                                                    Verantwortungsbewusster Bergbau\n                                            <\/h2>\n\n                    <p class=\"wh-story-item-content-text is-large\">\n                                                    Die Grundlage des Gesch\u00e4ftsmodells von Eurobattery Minerals ist der verantwortungsvolle Bergbau. F\u00fcr uns bedeutet dies, dass wir unsere Gesch\u00e4fte unter Ber\u00fccksichtigung von Umweltaspekten und sozialer Verantwortung f\u00fcr Mitarbeiter und Menschen, die in der N\u00e4he von Abbaust\u00e4tten leben und arbeiten, f\u00fchren.\n                                            <\/p>\n\n                    <a href=\"\/de\/nachhaltiger-bergbau\/\" class=\"wh-story-item-content-button wh-button is-primary\">\n                                                    Mehr erfahren\n                                            <\/a>\n                <\/div>\n            <\/div>\n\n            <div class=\"wh-story-item is-smaller\">\n                <div class=\"wh-story-item-image is-electric-revolution is-left-small\"><\/div>\n\n                <div class=\"wh-story-item-content is-green\">\n                    <h6 class=\"wh-story-item-content-label is-large is-light\">\n                                                    Die elektrische Revolution\n                                            <\/h6>\n                    <h2 class=\"wh-story-item-content-heading\">\n                                                    Die elektrische Revolution findet gerade statt\n                                            <\/h2>\n\n                    <p class=\"wh-story-item-content-text is-large\">\n                                                    Die Umstellung der Transport- und Fahrzeugindustrie auf Elektrifizierung schreitet unaufhaltsam voran. Eurobattery Minerals ist fest entschlossen, ein wichtiger Teil dieser Wertsch\u00f6pfungskette zu werden und hierdurch seinen Beitrag zu einer nachhaltigeren Zukunft zu leisten.\n                                            <\/p>\n\n                    <a href=\"\/de\/elektrische-revolution\/\" class=\"wh-story-item-content-button wh-button is-primary\">\n                                                    Mehr erfahren\n                                            <\/a>\n                <\/div>\n            <\/div>\n\n            <div class=\"wh-story-item is-small\">\n                <div class=\"wh-story-item-image is-career\"><\/div>\n\n                <div class=\"wh-story-item-content is-white\">\n                    <h6 class=\"wh-story-item-content-label is-large is-light\">\n                                                    Karriere\n                                            <\/h6>\n                    <h2 class=\"wh-story-item-content-heading\">\n                                                    Werden Sie Teil unseres Teams!\n                                            <\/h2>\n\n                    <p class=\"wh-story-item-content-text is-large\">\n                                                    Eurobattery Minerals ist ein expandierendes Unternehmen und immer daran interessiert, mit talentierten Menschen in Kontakt zu kommen.\n                                            <\/p>\n\n                    <a href=\"\/de\/karriere\/\" class=\"wh-story-item-content-button wh-button is-primary\">\n                                                    Mehr erfahren\n                                            <\/a>\n                <\/div>\n            <\/div>\n        <\/div>\n    <\/div>\n<\/div>\n\n<div class=\"wh-grid\">\n    <div class=\"wh-cards\">\n        <header class=\"wh-cards-header\">\n            <h3 class=\"wh-cards-header-heading is-black\">\n                                    Das k\u00f6nnte Sie auch interessieren\n                            <\/h3>\n        <\/header>\n\n        <div class=\"wh-cards-items\">\n\n            <a href=\"\/de\/finanzinformation\/\" class=\"wh-cards-item\">\n        <div class=\"wh-cards-item-content\">\n            <div class=\"wh-cards-item-content-image\">\n                <div class=\"wh-cards-item-content-image-item is-financial-information\"><\/div>\n            <\/div>\n\n            <h6 class=\"wh-cards-item-content-label\">\n                \u00dcber uns\n            <\/h6>\n\n            <h4 class=\"wh-cards-item-content-heading\">\n                Finanzinformation\n            <\/h4>\n        <\/div>\n    <\/a>\n            <a href=\"\/de\/projekte\/\" class=\"wh-cards-item\">\n        <div class=\"wh-cards-item-content\">\n            <div class=\"wh-cards-item-content-image\">\n                <div class=\"wh-cards-item-content-image-item is-projects\"><\/div>\n            <\/div>\n\n            <h6 class=\"wh-cards-item-content-label\">\n                \u00dcber uns\n            <\/h6>\n\n            <h4 class=\"wh-cards-item-content-heading\">\n                Unsere Projekte\n            <\/h4>\n        <\/div>\n    <\/a>\n            <a href=\"\/de\/aufsichtsrat\/\" class=\"wh-cards-item\">\n        <div class=\"wh-cards-item-content\">\n            <div class=\"wh-cards-item-content-image\">\n                <div class=\"wh-cards-item-content-image-item is-board\"><\/div>\n            <\/div>\n\n            <h6 class=\"wh-cards-item-content-label\">\n                \u00dcber uns\n            <\/h6>\n\n            <h4 class=\"wh-cards-item-content-heading\">\n                Aufsichtsrat\n            <\/h4>\n        <\/div>\n    <\/a>\n        <\/div>\n    <\/div>\n<\/div>\n","protected":false},"excerpt":{"rendered":"","protected":false},"author":1,"featured_media":0,"parent":0,"menu_order":0,"comment_status":"closed","ping_status":"closed","template":"","meta":{"_acf_changed":false,"inline_featured_image":false,"footnotes":""},"class_list":["post-3610","page","type-page","status-publish","hentry"],"acf":[],"yoast_head":"<!-- This site is optimized with the Yoast SEO plugin v26.9 - https:\/\/yoast.com\/product\/yoast-seo-wordpress\/ -->\n<title>\u00dcber uns | Eurobattery Minerals<\/title>\n<meta name=\"description\" content=\"Ethical and fully traceable minerals for the electric revolution\" \/>\n<meta name=\"robots\" content=\"index, follow, max-snippet:-1, max-image-preview:large, max-video-preview:-1\" \/>\n<link rel=\"canonical\" href=\"https:\/\/eurobatteryminerals.com\/de\/uber-uns\/\" \/>\n<meta property=\"og:locale\" content=\"de_DE\" \/>\n<meta property=\"og:type\" content=\"article\" \/>\n<meta property=\"og:title\" content=\"\u00dcber uns | Eurobattery Minerals\" \/>\n<meta property=\"og:description\" content=\"Ethical and fully traceable minerals for the electric revolution\" \/>\n<meta property=\"og:url\" content=\"https:\/\/eurobatteryminerals.com\/de\/uber-uns\/\" \/>\n<meta property=\"og:site_name\" content=\"Eurobattery Minerals\" \/>\n<meta property=\"article:publisher\" content=\"https:\/\/www.facebook.com\/eurobatteryminerals\" \/>\n<meta property=\"article:modified_time\" content=\"2020-12-16T15:04:55+00:00\" \/>\n<meta property=\"og:image\" content=\"https:\/\/eurobatteryminerals.com\/wp-content\/uploads\/2019\/09\/eurobattery-minerals-og.jpg\" \/>\n\t<meta property=\"og:image:width\" content=\"1920\" \/>\n\t<meta property=\"og:image:height\" content=\"1080\" \/>\n\t<meta property=\"og:image:type\" content=\"image\/jpeg\" \/>\n<meta name=\"twitter:card\" content=\"summary_large_image\" \/>\n<meta name=\"twitter:site\" content=\"@eurobatterymin\" \/>\n<script type=\"application\/ld+json\" class=\"yoast-schema-graph\">{\"@context\":\"https:\/\/schema.org\",\"@graph\":[{\"@type\":\"WebPage\",\"@id\":\"https:\/\/eurobatteryminerals.com\/de\/uber-uns\/\",\"url\":\"https:\/\/eurobatteryminerals.com\/de\/uber-uns\/\",\"name\":\"\u00dcber uns | Eurobattery Minerals\",\"isPartOf\":{\"@id\":\"https:\/\/eurobatteryminerals.com\/#website\"},\"datePublished\":\"2020-12-16T14:54:39+00:00\",\"dateModified\":\"2020-12-16T15:04:55+00:00\",\"description\":\"Ethical and fully traceable minerals for the electric revolution\",\"breadcrumb\":{\"@id\":\"https:\/\/eurobatteryminerals.com\/de\/uber-uns\/#breadcrumb\"},\"inLanguage\":\"de-DE\",\"potentialAction\":[{\"@type\":\"ReadAction\",\"target\":[\"https:\/\/eurobatteryminerals.com\/de\/uber-uns\/\"]}]},{\"@type\":\"BreadcrumbList\",\"@id\":\"https:\/\/eurobatteryminerals.com\/de\/uber-uns\/#breadcrumb\",\"itemListElement\":[{\"@type\":\"ListItem\",\"position\":1,\"name\":\"Hem\",\"item\":\"https:\/\/eurobatteryminerals.com\/de\/\"},{\"@type\":\"ListItem\",\"position\":2,\"name\":\"\u00dcber uns\"}]},{\"@type\":\"WebSite\",\"@id\":\"https:\/\/eurobatteryminerals.com\/#website\",\"url\":\"https:\/\/eurobatteryminerals.com\/\",\"name\":\"Eurobattery Minerals\",\"description\":\"Ethical and fully traceable minerals for the electric revolution\",\"publisher\":{\"@id\":\"https:\/\/eurobatteryminerals.com\/#organization\"},\"potentialAction\":[{\"@type\":\"SearchAction\",\"target\":{\"@type\":\"EntryPoint\",\"urlTemplate\":\"https:\/\/eurobatteryminerals.com\/?s={search_term_string}\"},\"query-input\":{\"@type\":\"PropertyValueSpecification\",\"valueRequired\":true,\"valueName\":\"search_term_string\"}}],\"inLanguage\":\"de-DE\"},{\"@type\":\"Organization\",\"@id\":\"https:\/\/eurobatteryminerals.com\/#organization\",\"name\":\"Eurobattery Minerals\",\"url\":\"https:\/\/eurobatteryminerals.com\/\",\"logo\":{\"@type\":\"ImageObject\",\"inLanguage\":\"de-DE\",\"@id\":\"https:\/\/eurobatteryminerals.com\/#\/schema\/logo\/image\/\",\"url\":\"https:\/\/eurobatteryminerals.com\/wp-content\/uploads\/2020\/08\/logo-black.svg\",\"contentUrl\":\"https:\/\/eurobatteryminerals.com\/wp-content\/uploads\/2020\/08\/logo-black.svg\",\"width\":389,\"height\":256,\"caption\":\"Eurobattery Minerals\"},\"image\":{\"@id\":\"https:\/\/eurobatteryminerals.com\/#\/schema\/logo\/image\/\"},\"sameAs\":[\"https:\/\/www.facebook.com\/eurobatteryminerals\",\"https:\/\/x.com\/eurobatterymin\",\"https:\/\/www.linkedin.com\/company\/eurobattery-minerals-ab\/\",\"https:\/\/www.youtube.com\/channel\/UCEmRhpqQHcb6v758leWyWYQ\"]}]}<\/script>\n<!-- \/ Yoast SEO plugin. -->","yoast_head_json":{"title":"\u00dcber uns | Eurobattery Minerals","description":"Ethical and fully traceable minerals for the electric revolution","robots":{"index":"index","follow":"follow","max-snippet":"max-snippet:-1","max-image-preview":"max-image-preview:large","max-video-preview":"max-video-preview:-1"},"canonical":"https:\/\/eurobatteryminerals.com\/de\/uber-uns\/","og_locale":"de_DE","og_type":"article","og_title":"\u00dcber uns | Eurobattery Minerals","og_description":"Ethical and fully traceable minerals for the electric revolution","og_url":"https:\/\/eurobatteryminerals.com\/de\/uber-uns\/","og_site_name":"Eurobattery Minerals","article_publisher":"https:\/\/www.facebook.com\/eurobatteryminerals","article_modified_time":"2020-12-16T15:04:55+00:00","og_image":[{"width":1920,"height":1080,"url":"https:\/\/eurobatteryminerals.com\/wp-content\/uploads\/2019\/09\/eurobattery-minerals-og.jpg","type":"image\/jpeg"}],"twitter_card":"summary_large_image","twitter_site":"@eurobatterymin","schema":{"@context":"https:\/\/schema.org","@graph":[{"@type":"WebPage","@id":"https:\/\/eurobatteryminerals.com\/de\/uber-uns\/","url":"https:\/\/eurobatteryminerals.com\/de\/uber-uns\/","name":"\u00dcber uns | Eurobattery Minerals","isPartOf":{"@id":"https:\/\/eurobatteryminerals.com\/#website"},"datePublished":"2020-12-16T14:54:39+00:00","dateModified":"2020-12-16T15:04:55+00:00","description":"Ethical and fully traceable minerals for the electric revolution","breadcrumb":{"@id":"https:\/\/eurobatteryminerals.com\/de\/uber-uns\/#breadcrumb"},"inLanguage":"de-DE","potentialAction":[{"@type":"ReadAction","target":["https:\/\/eurobatteryminerals.com\/de\/uber-uns\/"]}]},{"@type":"BreadcrumbList","@id":"https:\/\/eurobatteryminerals.com\/de\/uber-uns\/#breadcrumb","itemListElement":[{"@type":"ListItem","position":1,"name":"Hem","item":"https:\/\/eurobatteryminerals.com\/de\/"},{"@type":"ListItem","position":2,"name":"\u00dcber uns"}]},{"@type":"WebSite","@id":"https:\/\/eurobatteryminerals.com\/#website","url":"https:\/\/eurobatteryminerals.com\/","name":"Eurobattery Minerals","description":"Ethical and fully traceable minerals for the electric revolution","publisher":{"@id":"https:\/\/eurobatteryminerals.com\/#organization"},"potentialAction":[{"@type":"SearchAction","target":{"@type":"EntryPoint","urlTemplate":"https:\/\/eurobatteryminerals.com\/?s={search_term_string}"},"query-input":{"@type":"PropertyValueSpecification","valueRequired":true,"valueName":"search_term_string"}}],"inLanguage":"de-DE"},{"@type":"Organization","@id":"https:\/\/eurobatteryminerals.com\/#organization","name":"Eurobattery Minerals","url":"https:\/\/eurobatteryminerals.com\/","logo":{"@type":"ImageObject","inLanguage":"de-DE","@id":"https:\/\/eurobatteryminerals.com\/#\/schema\/logo\/image\/","url":"https:\/\/eurobatteryminerals.com\/wp-content\/uploads\/2020\/08\/logo-black.svg","contentUrl":"https:\/\/eurobatteryminerals.com\/wp-content\/uploads\/2020\/08\/logo-black.svg","width":389,"height":256,"caption":"Eurobattery Minerals"},"image":{"@id":"https:\/\/eurobatteryminerals.com\/#\/schema\/logo\/image\/"},"sameAs":["https:\/\/www.facebook.com\/eurobatteryminerals","https:\/\/x.com\/eurobatterymin","https:\/\/www.linkedin.com\/company\/eurobattery-minerals-ab\/","https:\/\/www.youtube.com\/channel\/UCEmRhpqQHcb6v758leWyWYQ"]}]}},"_links":{"self":[{"href":"https:\/\/eurobatteryminerals.com\/de\/wp-json\/wp\/v2\/pages\/3610","targetHints":{"allow":["GET"]}}],"collection":[{"href":"https:\/\/eurobatteryminerals.com\/de\/wp-json\/wp\/v2\/pages"}],"about":[{"href":"https:\/\/eurobatteryminerals.com\/de\/wp-json\/wp\/v2\/types\/page"}],"author":[{"embeddable":true,"href":"https:\/\/eurobatteryminerals.com\/de\/wp-json\/wp\/v2\/users\/1"}],"replies":[{"embeddable":true,"href":"https:\/\/eurobatteryminerals.com\/de\/wp-json\/wp\/v2\/comments?post=3610"}],"version-history":[{"count":0,"href":"https:\/\/eurobatteryminerals.com\/de\/wp-json\/wp\/v2\/pages\/3610\/revisions"}],"wp:attachment":[{"href":"https:\/\/eurobatteryminerals.com\/de\/wp-json\/wp\/v2\/media?parent=3610"}],"curies":[{"name":"wp","href":"https:\/\/api.w.org\/{rel}","templated":true}]}}