{"id":3659,"date":"2020-12-16T16:07:39","date_gmt":"2020-12-16T15:07:39","guid":{"rendered":"https:\/\/eurobatteryminerals.com\/\/?page_id=3659"},"modified":"2020-12-16T16:07:41","modified_gmt":"2020-12-16T15:07:41","slug":"nachhaltiger-bergbau","status":"publish","type":"page","link":"https:\/\/eurobatteryminerals.com\/de\/nachhaltiger-bergbau\/","title":{"rendered":"Nachhaltiger Bergbau"},"content":{"rendered":"\n<div class=\"wh-grid\">\n    <div class=\"wh-hero-clean\">\n        <header class=\"wh-hero-clean-header\">\n            <h1 class=\"wh-hero-clean-header-heading is-statement is-bold is-black\">\n                                    Verantwortungsvoller Bergbau\n                            <\/h1>\n        <\/header>\n\n        <div class=\"wh-hero-clean-image is-sustainable-mining\"><\/div>\n    <\/div>\n<\/div>\n\n\n<div class=\"wh-grid\">\n    <div class=\"wh-storytelling\">\n        <div class=\"wh-storytelling-content\">\n            <h2 class=\"wh-storytelling-content-heading\">\n                                    Europ\u00e4ischer Bergbau bedeutet Verantwortungsbewusstsein\n                            <\/h2>\n\n            <p class=\"wh-storytelling-content-text is-large\">\n                                    Verantwortungsbewusster und nachhaltiger Bergbau bildet nicht nur die Grundlage des gesamten Gesch\u00e4ftsmodells von Eurobattery Minerals, sondern ist auch ein wichtiger Schwerpunkt f\u00fcr die europ\u00e4ische Bergbauindustrie. Die strengen Vorschriften f\u00fcr den Bergbau in Europa sowie die Gesetze zum Arbeitsumfeld f\u00fchren dazu, dass die in diesem Teil der Welt unternommenen Bergbauarbeiten das Klima und damit unser aller Leben positiv beeinflussen. Dar\u00fcber hinaus laufen in Europa verschiedene Kooperationsprojekte, um die Klimaauswirkungen der Branche im Einklang mit den UN-Zielen f\u00fcr nachhaltige Entwicklung weiter zu verringern.\n                    <br><br>\n                    F\u00fcr Eurobattery Minerals umfasst Nachhaltigkeit alle Aspekte des Konzepts, sowohl die \u00f6kologischen, sozialen als auch die wirtschaftlichen Perspektiven. Insbesondere geht es uns darum, unsere Aktivit\u00e4ten unter Ber\u00fccksichtigung von Umweltaspekten und sozialer Verantwortung f\u00fcr Mitarbeiter und Menschen voranzutreiben, die in der N\u00e4he von Bergbaustandorten leben und arbeiten.\n                            <\/p>\n        <\/div>\n\n        <div class=\"wh-storytelling-qoute\">\n            <h3 class=\"wh-storytelling-qoute-text\">\n                                    &#8220;Die Bergbauindustrie spielt eine wichtige Rolle bei der Realisierung einer fossilfreien Gesellschaft. Und die Industrie arbeitet unerm\u00fcdlich daran, ihre Prozesse zu verbessern, um den Klima-Fu\u00dfabdruck zu verringern. Eurobattery Minerals m\u00f6chte einen aktiven Beitrag leisten, um dieses Ziel zu erreichen&#8221;\n                            <\/h3>\n\n            <p class=\"wh-storytelling-qoute-name is-small\">\n                                    Roberto Mart\u00ednez Garc\u00eda, CEO Eurobattery Minerals\n                            <\/p>\n        <\/div>\n\n        <div class=\"wh-storytelling-content\">\n            <h2 class=\"wh-storytelling-content-heading\">\n                                    Bergbau auf technisch h\u00f6chstem Niveau\n                            <\/h2>\n\n            <p class=\"wh-storytelling-content-text is-large\">\n                                    Die technologischen Entwicklungen im Bergbau gehen st\u00e4ndig neue Wege, wobei der Schwerpunkt darauf liegt, w\u00e4hrend der gesamten Projektphase klimafreundlichere und klimaeffizientere Prozesse zu identifizieren. Mittlerweile ersetzt modernste Technologie manuelle und energieintensive Prozesse durch digitale L\u00f6sungen. Das Laserscannen ist ein solches Beispiel: Hier werden Laserstrahlen eingesetzt, um m\u00f6gliche wertvolle Ablagerungen zu messen und zu identifizieren.\n                    <br><br>\n                    Ein wichtiger Erfolgsfaktor, um Entwicklungen voranzutreiben, ist die Zusammenarbeit zwischen Industrie und Wissenschaft. Wir von Eurobattery Minerals unterst\u00fctzen diese Art von Kooperationen.\n                            <\/p>\n        <\/div>\n\n        <div class=\"wh-storytelling-content\">\n            <h2 class=\"wh-storytelling-content-heading\">\n                                    Klimakooperation auf globaler Ebene\n                            <\/h2>\n\n            <p class=\"wh-storytelling-content-text is-large\">\n                                    Eurobattery Minerals tr\u00e4gt aktiv zur Nachhaltigkeit der Branche bei, indem es an verschiedenen Initiativen f\u00fcr nachhaltige Entwicklung und Innovation auf globaler und europ\u00e4ischer Ebene teilnimmt. Lesen Sie hier mehr \u00fcber unser Engagement\n                    <a href=\"\/en\/partnerships-and-collaborations\/\">\n                        hier.\n                    <\/a>\n                            <\/p>\n        <\/div>\n    <\/div>\n<\/div>\n\n<div class=\"wh-grid\">\n    <div class=\"wh-cards\">\n        <header class=\"wh-cards-header\">\n            <h3 class=\"wh-cards-header-heading is-black\">\n                                    Das k\u00f6nnte Sie auch interessieren\n                            <\/h3>\n        <\/header>\n\n        <div class=\"wh-cards-items\">\n            <a href=\"\/de\/vision-und-strategie\/\" class=\"wh-cards-item\">\n        <div class=\"wh-cards-item-content\">\n            <div class=\"wh-cards-item-content-image\">\n                <div class=\"wh-cards-item-content-image-item is-who-we-are\"><\/div>\n            <\/div>\n\n            <h6 class=\"wh-cards-item-content-label\">\n                \u00dcber uns\n            <\/h6>\n\n            <h4 class=\"wh-cards-item-content-heading\">\n                Vision &amp; Strategie\n            <\/h4>\n        <\/div>\n    <\/a>\n            <a href=\"\/de\/geschaftsmodell\/\" class=\"wh-cards-item\">\n        <div class=\"wh-cards-item-content\">\n            <div class=\"wh-cards-item-content-image\">\n                <div class=\"wh-cards-item-content-image-item is-what-we-do\"><\/div>\n            <\/div>\n\n            <h6 class=\"wh-cards-item-content-label\">\n                \u00dcber uns\n            <\/h6>\n\n            <h4 class=\"wh-cards-item-content-heading\">\n                Gesch\u00e4ftsmodell\n            <\/h4>\n        <\/div>\n    <\/a>\n            <a href=\"\/de\/elektrische-revolution\/\" class=\"wh-cards-item\">\n        <div class=\"wh-cards-item-content\">\n            <div class=\"wh-cards-item-content-image\">\n                <div class=\"wh-cards-item-content-image-item is-electric-revolution\"><\/div>\n            <\/div>\n\n            <h6 class=\"wh-cards-item-content-label\">\n                \u00dcber uns\n            <\/h6>\n\n            <h4 class=\"wh-cards-item-content-heading\">\n                Elektrische Revolution\n            <\/h4>\n        <\/div>\n    <\/a>        <\/div>\n    <\/div>\n<\/div>\n","protected":false},"excerpt":{"rendered":"","protected":false},"author":1,"featured_media":0,"parent":0,"menu_order":0,"comment_status":"closed","ping_status":"closed","template":"","meta":{"_acf_changed":false,"inline_featured_image":false,"footnotes":""},"class_list":["post-3659","page","type-page","status-publish","hentry"],"acf":[],"yoast_head":"<!-- This site is optimized with the Yoast SEO plugin v26.9 - https:\/\/yoast.com\/product\/yoast-seo-wordpress\/ -->\n<title>Nachhaltiger Bergbau | Eurobattery Minerals<\/title>\n<meta name=\"description\" content=\"Ethical and fully traceable minerals for the electric revolution\" \/>\n<meta name=\"robots\" content=\"index, follow, max-snippet:-1, max-image-preview:large, max-video-preview:-1\" \/>\n<link rel=\"canonical\" href=\"https:\/\/eurobatteryminerals.com\/de\/nachhaltiger-bergbau\/\" \/>\n<meta property=\"og:locale\" content=\"de_DE\" \/>\n<meta property=\"og:type\" content=\"article\" \/>\n<meta property=\"og:title\" content=\"Nachhaltiger Bergbau | Eurobattery Minerals\" \/>\n<meta property=\"og:description\" content=\"Ethical and fully traceable minerals for the electric revolution\" \/>\n<meta property=\"og:url\" content=\"https:\/\/eurobatteryminerals.com\/de\/nachhaltiger-bergbau\/\" \/>\n<meta property=\"og:site_name\" content=\"Eurobattery Minerals\" \/>\n<meta property=\"article:publisher\" content=\"https:\/\/www.facebook.com\/eurobatteryminerals\" \/>\n<meta property=\"article:modified_time\" content=\"2020-12-16T15:07:41+00:00\" \/>\n<meta property=\"og:image\" content=\"https:\/\/eurobatteryminerals.com\/wp-content\/uploads\/2019\/09\/eurobattery-minerals-og.jpg\" \/>\n\t<meta property=\"og:image:width\" content=\"1920\" \/>\n\t<meta property=\"og:image:height\" content=\"1080\" \/>\n\t<meta property=\"og:image:type\" content=\"image\/jpeg\" \/>\n<meta name=\"twitter:card\" content=\"summary_large_image\" \/>\n<meta name=\"twitter:site\" content=\"@eurobatterymin\" \/>\n<script type=\"application\/ld+json\" class=\"yoast-schema-graph\">{\"@context\":\"https:\/\/schema.org\",\"@graph\":[{\"@type\":\"WebPage\",\"@id\":\"https:\/\/eurobatteryminerals.com\/de\/nachhaltiger-bergbau\/\",\"url\":\"https:\/\/eurobatteryminerals.com\/de\/nachhaltiger-bergbau\/\",\"name\":\"Nachhaltiger Bergbau | Eurobattery Minerals\",\"isPartOf\":{\"@id\":\"https:\/\/eurobatteryminerals.com\/#website\"},\"datePublished\":\"2020-12-16T15:07:39+00:00\",\"dateModified\":\"2020-12-16T15:07:41+00:00\",\"description\":\"Ethical and fully traceable minerals for the electric revolution\",\"breadcrumb\":{\"@id\":\"https:\/\/eurobatteryminerals.com\/de\/nachhaltiger-bergbau\/#breadcrumb\"},\"inLanguage\":\"de-DE\",\"potentialAction\":[{\"@type\":\"ReadAction\",\"target\":[\"https:\/\/eurobatteryminerals.com\/de\/nachhaltiger-bergbau\/\"]}]},{\"@type\":\"BreadcrumbList\",\"@id\":\"https:\/\/eurobatteryminerals.com\/de\/nachhaltiger-bergbau\/#breadcrumb\",\"itemListElement\":[{\"@type\":\"ListItem\",\"position\":1,\"name\":\"Hem\",\"item\":\"https:\/\/eurobatteryminerals.com\/de\/\"},{\"@type\":\"ListItem\",\"position\":2,\"name\":\"Nachhaltiger Bergbau\"}]},{\"@type\":\"WebSite\",\"@id\":\"https:\/\/eurobatteryminerals.com\/#website\",\"url\":\"https:\/\/eurobatteryminerals.com\/\",\"name\":\"Eurobattery Minerals\",\"description\":\"Ethical and fully traceable minerals for the electric revolution\",\"publisher\":{\"@id\":\"https:\/\/eurobatteryminerals.com\/#organization\"},\"potentialAction\":[{\"@type\":\"SearchAction\",\"target\":{\"@type\":\"EntryPoint\",\"urlTemplate\":\"https:\/\/eurobatteryminerals.com\/?s={search_term_string}\"},\"query-input\":{\"@type\":\"PropertyValueSpecification\",\"valueRequired\":true,\"valueName\":\"search_term_string\"}}],\"inLanguage\":\"de-DE\"},{\"@type\":\"Organization\",\"@id\":\"https:\/\/eurobatteryminerals.com\/#organization\",\"name\":\"Eurobattery Minerals\",\"url\":\"https:\/\/eurobatteryminerals.com\/\",\"logo\":{\"@type\":\"ImageObject\",\"inLanguage\":\"de-DE\",\"@id\":\"https:\/\/eurobatteryminerals.com\/#\/schema\/logo\/image\/\",\"url\":\"https:\/\/eurobatteryminerals.com\/wp-content\/uploads\/2020\/08\/logo-black.svg\",\"contentUrl\":\"https:\/\/eurobatteryminerals.com\/wp-content\/uploads\/2020\/08\/logo-black.svg\",\"width\":389,\"height\":256,\"caption\":\"Eurobattery Minerals\"},\"image\":{\"@id\":\"https:\/\/eurobatteryminerals.com\/#\/schema\/logo\/image\/\"},\"sameAs\":[\"https:\/\/www.facebook.com\/eurobatteryminerals\",\"https:\/\/x.com\/eurobatterymin\",\"https:\/\/www.linkedin.com\/company\/eurobattery-minerals-ab\/\",\"https:\/\/www.youtube.com\/channel\/UCEmRhpqQHcb6v758leWyWYQ\"]}]}<\/script>\n<!-- \/ Yoast SEO plugin. -->","yoast_head_json":{"title":"Nachhaltiger Bergbau | Eurobattery Minerals","description":"Ethical and fully traceable minerals for the electric revolution","robots":{"index":"index","follow":"follow","max-snippet":"max-snippet:-1","max-image-preview":"max-image-preview:large","max-video-preview":"max-video-preview:-1"},"canonical":"https:\/\/eurobatteryminerals.com\/de\/nachhaltiger-bergbau\/","og_locale":"de_DE","og_type":"article","og_title":"Nachhaltiger Bergbau | Eurobattery Minerals","og_description":"Ethical and fully traceable minerals for the electric revolution","og_url":"https:\/\/eurobatteryminerals.com\/de\/nachhaltiger-bergbau\/","og_site_name":"Eurobattery Minerals","article_publisher":"https:\/\/www.facebook.com\/eurobatteryminerals","article_modified_time":"2020-12-16T15:07:41+00:00","og_image":[{"width":1920,"height":1080,"url":"https:\/\/eurobatteryminerals.com\/wp-content\/uploads\/2019\/09\/eurobattery-minerals-og.jpg","type":"image\/jpeg"}],"twitter_card":"summary_large_image","twitter_site":"@eurobatterymin","schema":{"@context":"https:\/\/schema.org","@graph":[{"@type":"WebPage","@id":"https:\/\/eurobatteryminerals.com\/de\/nachhaltiger-bergbau\/","url":"https:\/\/eurobatteryminerals.com\/de\/nachhaltiger-bergbau\/","name":"Nachhaltiger Bergbau | Eurobattery Minerals","isPartOf":{"@id":"https:\/\/eurobatteryminerals.com\/#website"},"datePublished":"2020-12-16T15:07:39+00:00","dateModified":"2020-12-16T15:07:41+00:00","description":"Ethical and fully traceable minerals for the electric revolution","breadcrumb":{"@id":"https:\/\/eurobatteryminerals.com\/de\/nachhaltiger-bergbau\/#breadcrumb"},"inLanguage":"de-DE","potentialAction":[{"@type":"ReadAction","target":["https:\/\/eurobatteryminerals.com\/de\/nachhaltiger-bergbau\/"]}]},{"@type":"BreadcrumbList","@id":"https:\/\/eurobatteryminerals.com\/de\/nachhaltiger-bergbau\/#breadcrumb","itemListElement":[{"@type":"ListItem","position":1,"name":"Hem","item":"https:\/\/eurobatteryminerals.com\/de\/"},{"@type":"ListItem","position":2,"name":"Nachhaltiger Bergbau"}]},{"@type":"WebSite","@id":"https:\/\/eurobatteryminerals.com\/#website","url":"https:\/\/eurobatteryminerals.com\/","name":"Eurobattery Minerals","description":"Ethical and fully traceable minerals for the electric revolution","publisher":{"@id":"https:\/\/eurobatteryminerals.com\/#organization"},"potentialAction":[{"@type":"SearchAction","target":{"@type":"EntryPoint","urlTemplate":"https:\/\/eurobatteryminerals.com\/?s={search_term_string}"},"query-input":{"@type":"PropertyValueSpecification","valueRequired":true,"valueName":"search_term_string"}}],"inLanguage":"de-DE"},{"@type":"Organization","@id":"https:\/\/eurobatteryminerals.com\/#organization","name":"Eurobattery Minerals","url":"https:\/\/eurobatteryminerals.com\/","logo":{"@type":"ImageObject","inLanguage":"de-DE","@id":"https:\/\/eurobatteryminerals.com\/#\/schema\/logo\/image\/","url":"https:\/\/eurobatteryminerals.com\/wp-content\/uploads\/2020\/08\/logo-black.svg","contentUrl":"https:\/\/eurobatteryminerals.com\/wp-content\/uploads\/2020\/08\/logo-black.svg","width":389,"height":256,"caption":"Eurobattery Minerals"},"image":{"@id":"https:\/\/eurobatteryminerals.com\/#\/schema\/logo\/image\/"},"sameAs":["https:\/\/www.facebook.com\/eurobatteryminerals","https:\/\/x.com\/eurobatterymin","https:\/\/www.linkedin.com\/company\/eurobattery-minerals-ab\/","https:\/\/www.youtube.com\/channel\/UCEmRhpqQHcb6v758leWyWYQ"]}]}},"_links":{"self":[{"href":"https:\/\/eurobatteryminerals.com\/de\/wp-json\/wp\/v2\/pages\/3659","targetHints":{"allow":["GET"]}}],"collection":[{"href":"https:\/\/eurobatteryminerals.com\/de\/wp-json\/wp\/v2\/pages"}],"about":[{"href":"https:\/\/eurobatteryminerals.com\/de\/wp-json\/wp\/v2\/types\/page"}],"author":[{"embeddable":true,"href":"https:\/\/eurobatteryminerals.com\/de\/wp-json\/wp\/v2\/users\/1"}],"replies":[{"embeddable":true,"href":"https:\/\/eurobatteryminerals.com\/de\/wp-json\/wp\/v2\/comments?post=3659"}],"version-history":[{"count":0,"href":"https:\/\/eurobatteryminerals.com\/de\/wp-json\/wp\/v2\/pages\/3659\/revisions"}],"wp:attachment":[{"href":"https:\/\/eurobatteryminerals.com\/de\/wp-json\/wp\/v2\/media?parent=3659"}],"curies":[{"name":"wp","href":"https:\/\/api.w.org\/{rel}","templated":true}]}}