{"id":3176,"date":"2020-11-09T15:31:09","date_gmt":"2020-11-09T14:31:09","guid":{"rendered":"https:\/\/eurobatteryminerals.com\/\/?page_id=3176"},"modified":"2020-11-09T15:34:04","modified_gmt":"2020-11-09T14:34:04","slug":"partnerships-and-collaborations","status":"publish","type":"page","link":"https:\/\/eurobatteryminerals.com\/en\/partnerships-and-collaborations\/","title":{"rendered":"Partnerships and collaborations"},"content":{"rendered":"\n<div class=\"wh-grid\">\n    <div class=\"wh-hero-clean\">\n        <header class=\"wh-hero-clean-header\">\n            <h1 class=\"wh-hero-clean-header-heading is-statement is-bold is-black\">\n                                    Partnerships and collaborations\n                            <\/h1>\n\n            <p class=\"wh-hero-clean-header-text is-lead\">\n                                    Eurobattery Minerals is a member of several global organizations and participates in studies that aims to increase the understanding for a more sustainable mining industry and broaden the supply chain for battery minerals. The company welcomes initiatives that address the issue of ethical and sustainable mining of minerals and metals.\n                            <\/p>\n        <\/header>\n\n        <div class=\"wh-hero-clean-image is-collaborations\"><\/div>\n    <\/div>\n<\/div>\n\n<div class=\"wh-grid\">\n    <div class=\"wh-storytelling\">\n        <div class=\"wh-storytelling-content-items\">\n            <!-- <div class=\"wh-storytelling-content-item\">\n                <div class=\"wh-storytelling-content-item-logo\">\n                    <img decoding=\"async\" data-src=\"https:\/\/eurobatteryminerals.com\/wp-content\/themes\/ebm\/assets\/static\/images\/irma-logo.png\" alt=\"\" class=\"wh-storytelling-content-item-logo-item lazyload\" src=\"data:image\/svg+xml;base64,PHN2ZyB3aWR0aD0iMSIgaGVpZ2h0PSIxIiB4bWxucz0iaHR0cDovL3d3dy53My5vcmcvMjAwMC9zdmciPjwvc3ZnPg==\" style=\"--smush-placeholder-width: 468px; --smush-placeholder-aspect-ratio: 468\/356;\">\n                <\/div>\n\n                <div class=\"wh-storytelling-content-item-info\">\n                    <p class=\"wh-storytelling-content-item-info-text\">\n                                                    <strong>The Initiative for Responsible Mining Assurance (IRMA)<\/strong> is the answer to a global demand for more socially and environmentally responsible mining. IRMA offers true independent third-party verification and certification against a comprehensive standard for all mined materials that provides \u2018one-stop coverage\u2019 of the full range of issues related to the impacts of industrial-scale mines.\n                            <a\n                                href=\"https:\/\/responsiblemining.net\/\"\n                                target=\"_blank\"\n                                class=\"wh-storytelling-content-mineral-info-text-link\"\n                            >\n                                Read more here\n                            <\/a>\n                                            <\/p>\n                <\/div>\n            <\/div> -->\n\n            <div class=\"wh-storytelling-content-item\">\n                <div class=\"wh-storytelling-content-item-logo\">\n                    <img decoding=\"async\" data-src=\"https:\/\/eurobatteryminerals.com\/wp-content\/themes\/ebm\/assets\/static\/images\/hispano-sueca-logo.png\" alt=\"\" class=\"wh-storytelling-content-item-logo-item lazyload\" src=\"data:image\/svg+xml;base64,PHN2ZyB3aWR0aD0iMSIgaGVpZ2h0PSIxIiB4bWxucz0iaHR0cDovL3d3dy53My5vcmcvMjAwMC9zdmciPjwvc3ZnPg==\" style=\"--smush-placeholder-width: 1000px; --smush-placeholder-aspect-ratio: 1000\/444;\">\n                <\/div>\n\n                <div class=\"wh-storytelling-content-item-info\">\n                    <p class=\"wh-storytelling-content-item-info-text\">\n                                                    <strong>The Swedish-Spanish Chamber of Commerce<\/strong>\n                            is a private and non-profit organization founded in 1950 with the purpose of promoting commercial, cultural and social relations between Spain and Sweden. The organization offers a platform by opening up new business opportunities, knowledge exchange and a wide network of contacts within the Swedish-Spanish corporate world.\n                            <a\n                                href=\"https:\/\/www.camarahispanosueca.com\/sv\"\n                                target=\"_blank\"\n                                class=\"wh-storytelling-content-mineral-info-text-link\"\n                            >\n                                Read more here\n                            <\/a>\n                                            <\/p>\n                <\/div>\n            <\/div>\n\n            <div class=\"wh-storytelling-content-item\">\n                <div class=\"wh-storytelling-content-item-logo\">\n                    <img decoding=\"async\" src=\"https:\/\/eurobatteryminerals.com\/wp-content\/themes\/ebm\/assets\/static\/images\/erma-logo.svg\" alt=\"\" class=\"wh-storytelling-content-item-logo-item\">\n                <\/div>\n\n                <div class=\"wh-storytelling-content-item-info\">\n                    <p class=\"wh-storytelling-content-item-info-text\">\n                                                    <strong>The European Raw Materials Alliance (ERMA)<\/strong>\n                            aims to make Europe economically more resilient by diversifying its supply chains, creating jobs, attracting investments to the raw materials value chain, fostering innovation and training young talents. ERMA is also contributing to the best enabling framework for raw materials and the Circular Economy worldwide. The Alliance addresses the challenge of securing access to sustainable raw materials, advanced materials, and industrial processing know-how.\n                            <a\n                                href=\"https:\/\/erma.eu\/\"\n                                target=\"_blank\"\n                                class=\"wh-storytelling-content-mineral-info-text-link\"\n                            >\n                                Read more here\n                            <\/a>\n                                            <\/p>\n                <\/div>\n            <\/div>\n\n            <div class=\"wh-storytelling-content-item\">\n                <div class=\"wh-storytelling-content-item-logo\">\n                    <img decoding=\"async\" data-src=\"https:\/\/eurobatteryminerals.com\/wp-content\/themes\/ebm\/assets\/static\/images\/lfca_logo.png\" alt=\"\" class=\"wh-storytelling-content-item-logo-item lazyload\" src=\"data:image\/svg+xml;base64,PHN2ZyB3aWR0aD0iMSIgaGVpZ2h0PSIxIiB4bWxucz0iaHR0cDovL3d3dy53My5vcmcvMjAwMC9zdmciPjwvc3ZnPg==\" style=\"--smush-placeholder-width: 480px; --smush-placeholder-aspect-ratio: 480\/499;\">\n                <\/div>\n\n                <div class=\"wh-storytelling-content-item-info\">\n                    <p class=\"wh-storytelling-content-item-info-text\">\n                                                    <strong>The Leaders For Climate Action (LFCA)<\/strong>\n                            initiative pursues a vision of a global circular economy that does not produce greenhouse gas emissions. Companies which support this initiative are actively committed to climate protection. The main focus of the package of measures is an energy concept that is based on the efficiency of renewable energies. This is intended to ensure the survival of future generations. \n                            <a\n                                href=\"https:\/\/wtca.lfca.earth\/e\/eurobattery-minerals-ab\"\n                                target=\"_blank\"\n                                class=\"wh-storytelling-content-mineral-info-text-link\"\n                            >\n                                Read more here\n                            <\/a>\n                                            <\/p>\n                <\/div>\n            <\/div>\n\n            <div class=\"wh-storytelling-content-item\">\n                <div class=\"wh-storytelling-content-item-logo\">\n                    <img decoding=\"async\" src=\"https:\/\/eurobatteryminerals.com\/wp-content\/themes\/ebm\/assets\/static\/images\/eba250-logo.svg\" alt=\"\" class=\"wh-storytelling-content-item-logo-item\">\n                <\/div>\n\n                <div class=\"wh-storytelling-content-item-info\">\n                    <p class=\"wh-storytelling-content-item-info-text\">\n                                                    <strong>The European Battery Alliance (EBA)<\/strong>\n                            was launched in October 2017 by European Commission Vice President Maro\u0161 \u0160ef\u010dovi\u010d. The purpose is to ensure that all Europeans benefit from safer traffic, cleaner vehicles and more sustainable technological solutions. All this will be achieved by creating a competitive and sustainable battery cell manufacturing value chain in Europe.\n                            <a\n                                href=\"https:\/\/www.eba250.com\/\"\n                                target=\"_blank\"\n                                class=\"wh-storytelling-content-mineral-info-text-link\"\n                            >\n                                Read more here\n                            <\/a>\n                                            <\/p>\n                <\/div>\n            <\/div>\n\n            <!--<div class=\"wh-storytelling-content-item\">\n                <div class=\"wh-storytelling-content-item-logo\">\n                    <img decoding=\"async\" src=\"https:\/\/eurobatteryminerals.com\/wp-content\/themes\/ebm\/assets\/static\/images\/\/eba250-logo.svg\" alt=\"\" class=\"wh-storytelling-content-item-logo-item\">\n                <\/div>\n\n                <div class=\"wh-storytelling-content-item-info\">\n                    <p class=\"wh-storytelling-content-item-info-text\">\n                                                    <strong>The S3-Mine<\/strong><br> primary objective is the development and implementation of mining pilot programmes at ten different facilities in six different EU countries. The focus of this partnership is on Mining industry, related industries and services and global value chains.\n                                            <\/p>\n                <\/div>\n            <\/div>-->\n\n            <div class=\"wh-storytelling-content-item\">\n                <div class=\"wh-storytelling-content-item-logo\">\n                    <img decoding=\"async\" data-src=\"https:\/\/eurobatteryminerals.com\/wp-content\/themes\/ebm\/assets\/static\/images\/collaborations\/uppsala.png\" alt=\"\" class=\"wh-storytelling-content-item-logo-item lazyload\" src=\"data:image\/svg+xml;base64,PHN2ZyB3aWR0aD0iMSIgaGVpZ2h0PSIxIiB4bWxucz0iaHR0cDovL3d3dy53My5vcmcvMjAwMC9zdmciPjwvc3ZnPg==\" style=\"--smush-placeholder-width: 230px; --smush-placeholder-aspect-ratio: 230\/219;\">\n                <\/div>\n\n                <div class=\"wh-storytelling-content-item-info\">\n                    <p class=\"wh-storytelling-content-item-info-text\">\n                                                    Research collaboration with the University of Uppsala on mining for rare earth elements (REE) in its Swedish Fetsj\u00f6n project. The partnership aims to investigate the opportunity for large-scale extraction of REE using existing methods. REE are critical components for electric vehicles and other electric equipment and raw materials classified as &#8220;critical&#8221; by the European Union.\n                                            <\/p>\n                <\/div>\n            <\/div>\n\n            <div class=\"wh-storytelling-content-item\">\n                <div class=\"wh-storytelling-content-item-logo\">\n                    <img decoding=\"async\" src=\"https:\/\/eurobatteryminerals.com\/wp-content\/themes\/ebm\/assets\/static\/images\/georange.svg\" alt=\"\" class=\"wh-storytelling-content-item-logo-item\">\n                <\/div>\n\n                <div class=\"wh-storytelling-content-item-info\">\n                    <p class=\"wh-storytelling-content-item-info-text\">\n                                                    <strong>Georange<\/strong> is a coordinating non-profit organization whose main task is to expand the view of social and business development in the mining and mineral industry and creating conditions for the development of new and existing companies.\n                            <a\n                                href=\"https:\/\/www.georange.se\/\"\n                                target=\"_blank\"\n                                class=\"wh-storytelling-content-mineral-info-text-link\"\n                            >\n                                Read more here\n                            <\/a>\n                                            <\/p>\n                <\/div>\n            <\/div>\n\n            <div class=\"wh-storytelling-content-item\">\n                <div class=\"wh-storytelling-content-item-logo\">\n                    <img decoding=\"async\" data-src=\"https:\/\/eurobatteryminerals.com\/wp-content\/themes\/ebm\/assets\/static\/images\/smart-exploration-logo.png\" alt=\"\" class=\"wh-storytelling-content-item-logo-item lazyload\" src=\"data:image\/svg+xml;base64,PHN2ZyB3aWR0aD0iMSIgaGVpZ2h0PSIxIiB4bWxucz0iaHR0cDovL3d3dy53My5vcmcvMjAwMC9zdmciPjwvc3ZnPg==\" style=\"--smush-placeholder-width: 2420px; --smush-placeholder-aspect-ratio: 2420\/573;\">\n                <\/div>\n\n                <div class=\"wh-storytelling-content-item-info\">\n                    <p class=\"wh-storytelling-content-item-info-text\">\n                                                    <strong>Smart Exploration Research Centre<\/strong> addresses knowledge gaps in the mining industry by developing new science and technologies for innovative exploration of CRMs. The Centre is based at Uppsala University and involves core partners from University of Gothenburg, Lund University and Stockholm University, Nordic Iron Ore, Inmet Mining Sweden, Eurobattery Minerals, Amkvo, BitSimNow, Epiroc, Tyr\u00e9ns, and Samarkand2015. The centre is also supported by the geological surveys of Sweden (SGU), Finland (GTK), Norway (NGU), Denmark and Greenland (GEUS), Anglo-American and BHP for pilot studies, mobility, knowledge and data exchanges. The Smart Exploration Research Centre has received funding from the Swedish Foundation for Strategic Research (SSF).\n                            <a\n                                href=\"https:\/\/www.smartexploration.se\/\"\n                                target=\"_blank\"\n                                class=\"wh-storytelling-content-mineral-info-text-link\"\n                            >\n                                Read more here\n                            <\/a>\n                                            <\/p>\n                <\/div>\n            <\/div>\n        <\/div>\n\n        <div class=\"wh-storytelling-content has-margin-top\">\n            <h3 class=\"wh-storytelling-content-heading\">\n                                    Contact for partnerships and collaborations\n                            <\/h3>\n\n            <p class=\"wh-storytelling-content-text is-large\">\n                                    For questions regarding partnership and collaboration, please contact\n                    <a href=\"mailto:info@eurobatteryminerals.com\">\n                        info@eurobatteryminerals.com.\n                    <\/a>\n                            <\/p>\n        <\/div>\n    <\/div>\n<\/div>\n\n<div class=\"wh-grid\">\n    <div class=\"wh-cards\">\n        <header class=\"wh-cards-header\">\n            <h3 class=\"wh-cards-header-heading is-black\">\n                                    You may also be interested in\n                            <\/h3>\n        <\/header>\n\n        <div class=\"wh-cards-items\">\n\n            <a href=\"\/en\/vision-and-strategy\/\" class=\"wh-cards-item\">\n        <div class=\"wh-cards-item-content\">\n            <div class=\"wh-cards-item-content-image\">\n                <div class=\"wh-cards-item-content-image-item is-who-we-are\"><\/div>\n            <\/div>\n\n            <h6 class=\"wh-cards-item-content-label\">\n                About us\n            <\/h6>\n\n            <h4 class=\"wh-cards-item-content-heading\">\n                Vision &amp; strategy\n            <\/h4>\n        <\/div>\n    <\/a>\n            <a href=\"\/en\/business-model\/\" class=\"wh-cards-item\">\n        <div class=\"wh-cards-item-content\">\n            <div class=\"wh-cards-item-content-image\">\n                <div class=\"wh-cards-item-content-image-item is-what-we-do\"><\/div>\n            <\/div>\n\n            <h6 class=\"wh-cards-item-content-label\">\n                About us\n            <\/h6>\n\n            <h4 class=\"wh-cards-item-content-heading\">\n                Business model\n            <\/h4>\n        <\/div>\n    <\/a>\n            <a href=\"\/en\/electric-revolution\" class=\"wh-cards-item\">\n        <div class=\"wh-cards-item-content\">\n            <div class=\"wh-cards-item-content-image\">\n                <div class=\"wh-cards-item-content-image-item is-electric-revolution\"><\/div>\n            <\/div>\n\n            <h6 class=\"wh-cards-item-content-label\">\n                About us\n            <\/h6>\n\n            <h4 class=\"wh-cards-item-content-heading\">\n                Electric revolution\n            <\/h4>\n        <\/div>\n    <\/a>\n        <\/div>\n    <\/div>\n<\/div>\n","protected":false},"excerpt":{"rendered":"","protected":false},"author":1,"featured_media":0,"parent":0,"menu_order":0,"comment_status":"closed","ping_status":"closed","template":"","meta":{"_acf_changed":false,"inline_featured_image":false,"footnotes":""},"class_list":["post-3176","page","type-page","status-publish","hentry"],"acf":[],"yoast_head":"<!-- This site is optimized with the Yoast SEO plugin v26.9 - https:\/\/yoast.com\/product\/yoast-seo-wordpress\/ -->\n<title>Partnerships and collaborations | Eurobattery Minerals<\/title>\n<meta name=\"description\" content=\"Ethical and fully traceable minerals for the electric revolution\" \/>\n<meta name=\"robots\" content=\"index, follow, max-snippet:-1, max-image-preview:large, max-video-preview:-1\" \/>\n<link rel=\"canonical\" href=\"https:\/\/eurobatteryminerals.com\/en\/partnerships-and-collaborations\/\" \/>\n<meta property=\"og:locale\" content=\"en_US\" \/>\n<meta property=\"og:type\" content=\"article\" \/>\n<meta property=\"og:title\" content=\"Partnerships and collaborations | Eurobattery Minerals\" \/>\n<meta property=\"og:description\" content=\"Ethical and fully traceable minerals for the electric revolution\" \/>\n<meta property=\"og:url\" content=\"https:\/\/eurobatteryminerals.com\/en\/partnerships-and-collaborations\/\" \/>\n<meta property=\"og:site_name\" content=\"Eurobattery Minerals\" \/>\n<meta property=\"article:publisher\" content=\"https:\/\/www.facebook.com\/eurobatteryminerals\" \/>\n<meta property=\"article:modified_time\" content=\"2020-11-09T14:34:04+00:00\" \/>\n<meta property=\"og:image\" content=\"https:\/\/eurobatteryminerals.com\/wp-content\/uploads\/2020\/11\/partnerships-and-collaborations.jpg\" \/>\n\t<meta property=\"og:image:width\" content=\"1200\" \/>\n\t<meta property=\"og:image:height\" content=\"800\" \/>\n\t<meta property=\"og:image:type\" content=\"image\/jpeg\" \/>\n<meta name=\"twitter:card\" content=\"summary_large_image\" \/>\n<meta name=\"twitter:image\" content=\"https:\/\/eurobatteryminerals.com\/wp-content\/uploads\/2020\/11\/partnerships-and-collaborations.jpg\" \/>\n<meta name=\"twitter:site\" content=\"@eurobatterymin\" \/>\n<script type=\"application\/ld+json\" class=\"yoast-schema-graph\">{\"@context\":\"https:\/\/schema.org\",\"@graph\":[{\"@type\":\"WebPage\",\"@id\":\"https:\/\/eurobatteryminerals.com\/en\/partnerships-and-collaborations\/\",\"url\":\"https:\/\/eurobatteryminerals.com\/en\/partnerships-and-collaborations\/\",\"name\":\"Partnerships and collaborations | Eurobattery Minerals\",\"isPartOf\":{\"@id\":\"https:\/\/eurobatteryminerals.com\/#website\"},\"datePublished\":\"2020-11-09T14:31:09+00:00\",\"dateModified\":\"2020-11-09T14:34:04+00:00\",\"description\":\"Ethical and fully traceable minerals for the electric revolution\",\"breadcrumb\":{\"@id\":\"https:\/\/eurobatteryminerals.com\/en\/partnerships-and-collaborations\/#breadcrumb\"},\"inLanguage\":\"en-US\",\"potentialAction\":[{\"@type\":\"ReadAction\",\"target\":[\"https:\/\/eurobatteryminerals.com\/en\/partnerships-and-collaborations\/\"]}]},{\"@type\":\"BreadcrumbList\",\"@id\":\"https:\/\/eurobatteryminerals.com\/en\/partnerships-and-collaborations\/#breadcrumb\",\"itemListElement\":[{\"@type\":\"ListItem\",\"position\":1,\"name\":\"Hem\",\"item\":\"https:\/\/eurobatteryminerals.com\/en\/\"},{\"@type\":\"ListItem\",\"position\":2,\"name\":\"Partnerships and collaborations\"}]},{\"@type\":\"WebSite\",\"@id\":\"https:\/\/eurobatteryminerals.com\/#website\",\"url\":\"https:\/\/eurobatteryminerals.com\/\",\"name\":\"Eurobattery Minerals\",\"description\":\"Ethical and fully traceable minerals for the electric revolution\",\"publisher\":{\"@id\":\"https:\/\/eurobatteryminerals.com\/#organization\"},\"potentialAction\":[{\"@type\":\"SearchAction\",\"target\":{\"@type\":\"EntryPoint\",\"urlTemplate\":\"https:\/\/eurobatteryminerals.com\/?s={search_term_string}\"},\"query-input\":{\"@type\":\"PropertyValueSpecification\",\"valueRequired\":true,\"valueName\":\"search_term_string\"}}],\"inLanguage\":\"en-US\"},{\"@type\":\"Organization\",\"@id\":\"https:\/\/eurobatteryminerals.com\/#organization\",\"name\":\"Eurobattery Minerals\",\"url\":\"https:\/\/eurobatteryminerals.com\/\",\"logo\":{\"@type\":\"ImageObject\",\"inLanguage\":\"en-US\",\"@id\":\"https:\/\/eurobatteryminerals.com\/#\/schema\/logo\/image\/\",\"url\":\"https:\/\/eurobatteryminerals.com\/wp-content\/uploads\/2020\/08\/logo-black.svg\",\"contentUrl\":\"https:\/\/eurobatteryminerals.com\/wp-content\/uploads\/2020\/08\/logo-black.svg\",\"width\":389,\"height\":256,\"caption\":\"Eurobattery Minerals\"},\"image\":{\"@id\":\"https:\/\/eurobatteryminerals.com\/#\/schema\/logo\/image\/\"},\"sameAs\":[\"https:\/\/www.facebook.com\/eurobatteryminerals\",\"https:\/\/x.com\/eurobatterymin\",\"https:\/\/www.linkedin.com\/company\/eurobattery-minerals-ab\/\",\"https:\/\/www.youtube.com\/channel\/UCEmRhpqQHcb6v758leWyWYQ\"]}]}<\/script>\n<!-- \/ Yoast SEO plugin. -->","yoast_head_json":{"title":"Partnerships and collaborations | Eurobattery Minerals","description":"Ethical and fully traceable minerals for the electric revolution","robots":{"index":"index","follow":"follow","max-snippet":"max-snippet:-1","max-image-preview":"max-image-preview:large","max-video-preview":"max-video-preview:-1"},"canonical":"https:\/\/eurobatteryminerals.com\/en\/partnerships-and-collaborations\/","og_locale":"en_US","og_type":"article","og_title":"Partnerships and collaborations | Eurobattery Minerals","og_description":"Ethical and fully traceable minerals for the electric revolution","og_url":"https:\/\/eurobatteryminerals.com\/en\/partnerships-and-collaborations\/","og_site_name":"Eurobattery Minerals","article_publisher":"https:\/\/www.facebook.com\/eurobatteryminerals","article_modified_time":"2020-11-09T14:34:04+00:00","og_image":[{"width":1200,"height":800,"url":"https:\/\/eurobatteryminerals.com\/wp-content\/uploads\/2020\/11\/partnerships-and-collaborations.jpg","type":"image\/jpeg"}],"twitter_card":"summary_large_image","twitter_image":"https:\/\/eurobatteryminerals.com\/wp-content\/uploads\/2020\/11\/partnerships-and-collaborations.jpg","twitter_site":"@eurobatterymin","schema":{"@context":"https:\/\/schema.org","@graph":[{"@type":"WebPage","@id":"https:\/\/eurobatteryminerals.com\/en\/partnerships-and-collaborations\/","url":"https:\/\/eurobatteryminerals.com\/en\/partnerships-and-collaborations\/","name":"Partnerships and collaborations | Eurobattery Minerals","isPartOf":{"@id":"https:\/\/eurobatteryminerals.com\/#website"},"datePublished":"2020-11-09T14:31:09+00:00","dateModified":"2020-11-09T14:34:04+00:00","description":"Ethical and fully traceable minerals for the electric revolution","breadcrumb":{"@id":"https:\/\/eurobatteryminerals.com\/en\/partnerships-and-collaborations\/#breadcrumb"},"inLanguage":"en-US","potentialAction":[{"@type":"ReadAction","target":["https:\/\/eurobatteryminerals.com\/en\/partnerships-and-collaborations\/"]}]},{"@type":"BreadcrumbList","@id":"https:\/\/eurobatteryminerals.com\/en\/partnerships-and-collaborations\/#breadcrumb","itemListElement":[{"@type":"ListItem","position":1,"name":"Hem","item":"https:\/\/eurobatteryminerals.com\/en\/"},{"@type":"ListItem","position":2,"name":"Partnerships and collaborations"}]},{"@type":"WebSite","@id":"https:\/\/eurobatteryminerals.com\/#website","url":"https:\/\/eurobatteryminerals.com\/","name":"Eurobattery Minerals","description":"Ethical and fully traceable minerals for the electric revolution","publisher":{"@id":"https:\/\/eurobatteryminerals.com\/#organization"},"potentialAction":[{"@type":"SearchAction","target":{"@type":"EntryPoint","urlTemplate":"https:\/\/eurobatteryminerals.com\/?s={search_term_string}"},"query-input":{"@type":"PropertyValueSpecification","valueRequired":true,"valueName":"search_term_string"}}],"inLanguage":"en-US"},{"@type":"Organization","@id":"https:\/\/eurobatteryminerals.com\/#organization","name":"Eurobattery Minerals","url":"https:\/\/eurobatteryminerals.com\/","logo":{"@type":"ImageObject","inLanguage":"en-US","@id":"https:\/\/eurobatteryminerals.com\/#\/schema\/logo\/image\/","url":"https:\/\/eurobatteryminerals.com\/wp-content\/uploads\/2020\/08\/logo-black.svg","contentUrl":"https:\/\/eurobatteryminerals.com\/wp-content\/uploads\/2020\/08\/logo-black.svg","width":389,"height":256,"caption":"Eurobattery Minerals"},"image":{"@id":"https:\/\/eurobatteryminerals.com\/#\/schema\/logo\/image\/"},"sameAs":["https:\/\/www.facebook.com\/eurobatteryminerals","https:\/\/x.com\/eurobatterymin","https:\/\/www.linkedin.com\/company\/eurobattery-minerals-ab\/","https:\/\/www.youtube.com\/channel\/UCEmRhpqQHcb6v758leWyWYQ"]}]}},"_links":{"self":[{"href":"https:\/\/eurobatteryminerals.com\/en\/wp-json\/wp\/v2\/pages\/3176","targetHints":{"allow":["GET"]}}],"collection":[{"href":"https:\/\/eurobatteryminerals.com\/en\/wp-json\/wp\/v2\/pages"}],"about":[{"href":"https:\/\/eurobatteryminerals.com\/en\/wp-json\/wp\/v2\/types\/page"}],"author":[{"embeddable":true,"href":"https:\/\/eurobatteryminerals.com\/en\/wp-json\/wp\/v2\/users\/1"}],"replies":[{"embeddable":true,"href":"https:\/\/eurobatteryminerals.com\/en\/wp-json\/wp\/v2\/comments?post=3176"}],"version-history":[{"count":0,"href":"https:\/\/eurobatteryminerals.com\/en\/wp-json\/wp\/v2\/pages\/3176\/revisions"}],"wp:attachment":[{"href":"https:\/\/eurobatteryminerals.com\/en\/wp-json\/wp\/v2\/media?parent=3176"}],"curies":[{"name":"wp","href":"https:\/\/api.w.org\/{rel}","templated":true}]}}